{"id":5436,"date":"2025-12-27T15:58:06","date_gmt":"2025-12-27T15:58:06","guid":{"rendered":"https:\/\/convergeit.live-website.com\/?page_id=5436"},"modified":"2025-12-28T10:34:11","modified_gmt":"2025-12-28T10:34:11","slug":"datenschutz","status":"publish","type":"page","link":"https:\/\/converge-it.de\/en\/datenschutz\/","title":{"rendered":"Privacy Policy"},"content":{"rendered":"<div data-elementor-type=\"wp-page\" data-elementor-id=\"5436\" class=\"elementor elementor-5436\" data-elementor-post-type=\"page\">\n\t\t\t\t<div class=\"elementor-element elementor-element-8d8048c e-grid e-con-boxed e-con e-parent\" data-id=\"8d8048c\" data-element_type=\"container\">\n\t\t\t\t\t<div class=\"e-con-inner\">\n\t\t\t\t<div class=\"elementor-element elementor-element-7a50955 elementor-widget elementor-widget-heading\" data-id=\"7a50955\" data-element_type=\"widget\" data-widget_type=\"heading.default\">\n\t\t\t\t<div class=\"elementor-widget-container\">\n\t\t\t\t\t<h1 class=\"elementor-heading-title elementor-size-default\">Privacy Policy<\/h1>\t\t\t\t<\/div>\n\t\t\t\t<\/div>\n\t\t\t\t\t<\/div>\n\t\t\t\t<\/div>\n\t\t<div class=\"elementor-element elementor-element-7f2ca0b e-grid e-con-boxed e-con e-parent\" data-id=\"7f2ca0b\" data-element_type=\"container\">\n\t\t\t\t\t<div class=\"e-con-inner\">\n\t\t\t\t<div class=\"elementor-element elementor-element-b739a66 elementor-widget elementor-widget-text-editor\" data-id=\"b739a66\" data-element_type=\"widget\" data-widget_type=\"text-editor.default\">\n\t\t\t\t<div class=\"elementor-widget-container\">\n\t\t\t\t\t\t\t\t\t<p data-start=\"297\" data-end=\"331\"><strong>1. Data Protection at a Glance<\/strong><\/p><p data-start=\"332\" data-end=\"546\">The protection of your personal data is very important to us. This Privacy Policy explains what data is processed when you visit our website and for what purpose.<\/p><p data-start=\"548\" data-end=\"691\"><strong data-start=\"548\" data-end=\"564\">In short<\/strong><br data-start=\"564\" data-end=\"567\" \/>Our website uses no cookies, no tracking, and does not actively collect or store personal data. <strong data-start=\"593\" data-end=\"610\">keine Cookies<\/strong>, verwendet <strong data-start=\"622\" data-end=\"639\">kein Tracking<\/strong> und erhebt <strong data-start=\"651\" data-end=\"684\">keine personenbezogenen Daten<\/strong> aktiv.<\/p><hr data-start=\"693\" data-end=\"696\" \/><p data-start=\"698\" data-end=\"721\"><strong>Controller<\/strong><\/p><p data-start=\"722\" data-end=\"787\">The controller responsible for data processing on this website is:<\/p><p data-start=\"789\" data-end=\"872\">Thomas Weber<br data-start=\"801\" data-end=\"804\" \/>Converge-IT<br data-start=\"815\" data-end=\"818\" \/>Robert-Koch-Strasse 35<br data-start=\"837\" data-end=\"840\" \/>63543 Neuberg<br data-start=\"856\" data-end=\"859\" \/>Deutschland<\/p><p data-start=\"874\" data-end=\"932\">E-Mail: <a class=\"decorated-link cursor-pointer\" rel=\"noopener\" data-start=\"882\" data-end=\"901\">info@converge-it.de<\/a><br data-start=\"901\" data-end=\"904\" \/>Telefon: +49 (0)6181 9092020<\/p><hr data-start=\"934\" data-end=\"937\" \/><p data-start=\"939\" data-end=\"995\"><strong>3. Collection and Processing of Personal Data<\/strong><\/p><p data-start=\"996\" data-end=\"1109\">When visiting this website, no personal data is actively collected, stored, or processed. <strong data-start=\"1031\" data-end=\"1078\">keine personenbezogenen Daten aktiv erhoben<\/strong>, gespeichert oder verarbeitet.<\/p><p data-start=\"1111\" data-end=\"1124\">In particular, this website does not use:<\/p><ul data-start=\"1125\" data-end=\"1258\"><li data-start=\"1125\" data-end=\"1151\"><p data-start=\"1127\" data-end=\"1151\">contact forms<\/p><\/li><li data-start=\"1152\" data-end=\"1176\"><p data-start=\"1154\" data-end=\"1176\">user accounts<\/p><\/li><li data-start=\"1177\" data-end=\"1197\"><p data-start=\"1179\" data-end=\"1197\">newsletter<\/p><\/li><li data-start=\"1198\" data-end=\"1218\"><p data-start=\"1200\" data-end=\"1218\">comment functions<\/p><\/li><li data-start=\"1219\" data-end=\"1258\"><p data-start=\"1221\" data-end=\"1258\">analytics or tracking tools<\/p><\/li><\/ul><hr data-start=\"1260\" data-end=\"1263\" \/><p data-start=\"1265\" data-end=\"1290\"><strong>4.Server log files<\/strong><\/p><p data-start=\"1291\" data-end=\"1515\" class=\" translation-block\">The hosting provider of this website may automatically collect and store information in so-called server log files for technical reasons. These may include:<\/p><ul data-start=\"1517\" data-end=\"1699\"><li data-start=\"1517\" data-end=\"1572\"><p data-start=\"1519\" data-end=\"1572\">IP address (usually anonymized or shortened)<\/p><\/li><li data-start=\"1573\" data-end=\"1606\"><p data-start=\"1575\" data-end=\"1606\">date and time of the request<\/p><\/li><li data-start=\"1607\" data-end=\"1639\"><p data-start=\"1609\" data-end=\"1639\">accessed page or file<\/p><\/li><li data-start=\"1640\" data-end=\"1682\"><p data-start=\"1642\" data-end=\"1682\">browser type and operating system<\/p><\/li><li data-start=\"1683\" data-end=\"1699\"><p data-start=\"1685\" data-end=\"1699\">Referrer-URL<\/p><\/li><\/ul><p data-start=\"1701\" data-end=\"1974\">Diese Daten sind <strong data-start=\"1718\" data-end=\"1758\">nicht bestimmten Personen zuordenbar<\/strong> und werden ausschlie\u00dflich zur <strong data-start=\"1789\" data-end=\"1832\">Sicherstellung des technischen Betriebs<\/strong> This data cannot be directly assigned to specific individuals and is processed solely to ensure the technical operation and security of the website (e.g. error analysis or protection against misuse).<\/p><p data-start=\"1976\" data-end=\"2098\" class=\" translation-block\">Legal basis:\nArt. 6(1)(f) GDPR (legitimate interest in the secure and reliable operation of the website)<\/p><hr data-start=\"2100\" data-end=\"2103\" \/><p data-start=\"2105\" data-end=\"2119\"><strong>5. Cookies<\/strong><\/p><p data-start=\"2120\" data-end=\"2163\">This website uses no cookies. <strong data-start=\"2145\" data-end=\"2162\">keine Cookies<\/strong>.<\/p><hr data-start=\"2165\" data-end=\"2168\" \/><p data-start=\"2170\" data-end=\"2190\"><strong>6.External links<\/strong><\/p><p data-start=\"2191\" data-end=\"2449\">This website may contain links to external third-party websites. When clicking on such links, you leave our website. We have no influence on the content or data protection practices of external websites and therefore assume no liability for them. The respective provider or operator is always responsible for the content of linked pages.<\/p><hr data-start=\"2451\" data-end=\"2454\" \/><p data-start=\"2456\" data-end=\"2495\"><strong>7. Data Transfer to Third Countries<\/strong><\/p><p data-start=\"2496\" data-end=\"2576\">No transfer of personal data to third countries takes place. <strong data-start=\"2560\" data-end=\"2575\">nicht statt<\/strong>.<\/p><hr data-start=\"2578\" data-end=\"2581\" \/><p data-start=\"2583\" data-end=\"2621\"><strong>Rights of Data Subjects<\/strong><\/p><p data-start=\"2622\" data-end=\"2739\">If personal data were to be processed, you would generally have the following rights under the GDPR:<\/p><ul data-start=\"2741\" data-end=\"3036\"><li data-start=\"2741\" data-end=\"2779\"><p data-start=\"2743\" data-end=\"2779\">right of access (Art. 15 GDPR)<\/p><\/li><li data-start=\"2780\" data-end=\"2822\"><p data-start=\"2782\" data-end=\"2822\">right to rectification (Art. 16 GDPR)<\/p><\/li><li data-start=\"2823\" data-end=\"2861\"><p data-start=\"2825\" data-end=\"2861\">right to erasure (Art. 17 GDPR)<\/p><\/li><li data-start=\"2862\" data-end=\"2922\"><p data-start=\"2864\" data-end=\"2922\">right to restriction of processing (Art. 18 GDPR)<\/p><\/li><li data-start=\"2923\" data-end=\"2973\"><p data-start=\"2925\" data-end=\"2973\">right to data portability (Art. 20 GDPR)<\/p><\/li><li data-start=\"2974\" data-end=\"3036\"><p data-start=\"2976\" data-end=\"3036\">right to object to processing (Art. 21 GDPR)<\/p><\/li><\/ul><p data-start=\"3038\" data-end=\"3173\">For any questions regarding data protection, you can contact us at any time using the contact details provided above.<\/p><hr data-start=\"3175\" data-end=\"3178\" \/><p data-start=\"3180\" data-end=\"3227\"><strong>9. Right to Lodge a Complaint<\/strong><\/p><p data-start=\"3228\" data-end=\"3422\">You have the right to lodge a complaint with a data protection supervisory authority.\nThe competent authority is generally the supervisory authority of the federal state in which our company is located.<br data-start=\"3310\" data-end=\"3313\" \/>Zust\u00e4ndig ist in der Regel die Datenschutzbeh\u00f6rde des Bundeslandes, in dem unser Unternehmen seinen Sitz hat.<\/p><hr data-start=\"3424\" data-end=\"3427\" \/><p data-start=\"3429\" data-end=\"3473\"><strong>10. Changes to this Privacy Policy<\/strong><\/p><p data-start=\"3474\" data-end=\"3616\">We reserve the right to update this Privacy Policy if legal requirements change or if the functionality of the website is extended.<\/p><p data-start=\"3618\" data-end=\"3633\">Last updated: 2025 <strong data-start=\"3625\" data-end=\"3633\">2025<\/strong><\/p>\t\t\t\t\t\t\t\t<\/div>\n\t\t\t\t<\/div>\n\t\t\t\t\t<\/div>\n\t\t\t\t<\/div>\n\t\t\t\t<\/div>","protected":false},"excerpt":{"rendered":"<p>Datenschutz 1. Datenschutz auf einen Blick Der Schutz deiner pers\u00f6nlichen Daten ist uns ein besonderes Anliegen. Diese Datenschutzerkl\u00e4rung informiert dar\u00fcber, [&hellip;]<\/p>","protected":false},"author":1,"featured_media":0,"parent":0,"menu_order":0,"comment_status":"closed","ping_status":"closed","template":"","meta":{"_seopress_robots_primary_cat":"","_seopress_titles_title":"","_seopress_titles_desc":"","_seopress_robots_index":"","footnotes":""},"class_list":["post-5436","page","type-page","status-publish","hentry","post"],"_links":{"self":[{"href":"https:\/\/converge-it.de\/en\/wp-json\/wp\/v2\/pages\/5436","targetHints":{"allow":["GET"]}}],"collection":[{"href":"https:\/\/converge-it.de\/en\/wp-json\/wp\/v2\/pages"}],"about":[{"href":"https:\/\/converge-it.de\/en\/wp-json\/wp\/v2\/types\/page"}],"author":[{"embeddable":true,"href":"https:\/\/converge-it.de\/en\/wp-json\/wp\/v2\/users\/1"}],"replies":[{"embeddable":true,"href":"https:\/\/converge-it.de\/en\/wp-json\/wp\/v2\/comments?post=5436"}],"version-history":[{"count":10,"href":"https:\/\/converge-it.de\/en\/wp-json\/wp\/v2\/pages\/5436\/revisions"}],"predecessor-version":[{"id":5448,"href":"https:\/\/converge-it.de\/en\/wp-json\/wp\/v2\/pages\/5436\/revisions\/5448"}],"wp:attachment":[{"href":"https:\/\/converge-it.de\/en\/wp-json\/wp\/v2\/media?parent=5436"}],"curies":[{"name":"wp","href":"https:\/\/api.w.org\/{rel}","templated":true}]}}