{"id":5436,"date":"2025-12-27T15:58:06","date_gmt":"2025-12-27T15:58:06","guid":{"rendered":"https:\/\/convergeit.live-website.com\/?page_id=5436"},"modified":"2025-12-28T10:34:11","modified_gmt":"2025-12-28T10:34:11","slug":"datenschutz","status":"publish","type":"page","link":"https:\/\/converge-it.de\/de_de\/datenschutz\/","title":{"rendered":"Datenschutz"},"content":{"rendered":"\t\t<div data-elementor-type=\"wp-page\" data-elementor-id=\"5436\" class=\"elementor elementor-5436\" data-elementor-post-type=\"page\">\n\t\t\t\t<div class=\"elementor-element elementor-element-8d8048c e-grid e-con-boxed e-con e-parent\" data-id=\"8d8048c\" data-element_type=\"container\">\n\t\t\t\t\t<div class=\"e-con-inner\">\n\t\t\t\t<div class=\"elementor-element elementor-element-7a50955 elementor-widget elementor-widget-heading\" data-id=\"7a50955\" data-element_type=\"widget\" data-widget_type=\"heading.default\">\n\t\t\t\t<div class=\"elementor-widget-container\">\n\t\t\t\t\t<h1 class=\"elementor-heading-title elementor-size-default\">Datenschutz<\/h1>\t\t\t\t<\/div>\n\t\t\t\t<\/div>\n\t\t\t\t\t<\/div>\n\t\t\t\t<\/div>\n\t\t<div class=\"elementor-element elementor-element-7f2ca0b e-grid e-con-boxed e-con e-parent\" data-id=\"7f2ca0b\" data-element_type=\"container\">\n\t\t\t\t\t<div class=\"e-con-inner\">\n\t\t\t\t<div class=\"elementor-element elementor-element-b739a66 elementor-widget elementor-widget-text-editor\" data-id=\"b739a66\" data-element_type=\"widget\" data-widget_type=\"text-editor.default\">\n\t\t\t\t<div class=\"elementor-widget-container\">\n\t\t\t\t\t\t\t\t\t<p data-start=\"297\" data-end=\"331\"><strong>1. Datenschutz auf einen Blick<\/strong><\/p><p data-start=\"332\" data-end=\"546\">Der Schutz deiner pers\u00f6nlichen Daten ist uns ein besonderes Anliegen. Diese Datenschutzerkl\u00e4rung informiert dar\u00fcber, welche Daten beim Besuch unserer Webseite verarbeitet werden und zu welchem Zweck dies geschieht.<\/p><p data-start=\"548\" data-end=\"691\"><strong data-start=\"548\" data-end=\"564\">Kurzfassung:<\/strong><br data-start=\"564\" data-end=\"567\" \/>Unsere Webseite speichert <strong data-start=\"593\" data-end=\"610\">keine Cookies<\/strong>, verwendet <strong data-start=\"622\" data-end=\"639\">kein Tracking<\/strong> und erhebt <strong data-start=\"651\" data-end=\"684\">keine personenbezogenen Daten<\/strong> aktiv.<\/p><hr data-start=\"693\" data-end=\"696\" \/><p data-start=\"698\" data-end=\"721\"><strong>2. Verantwortlicher<\/strong><\/p><p data-start=\"722\" data-end=\"787\">Verantwortlich f\u00fcr die Datenverarbeitung auf dieser Webseite ist:<\/p><p data-start=\"789\" data-end=\"872\">Thomas Weber<br data-start=\"801\" data-end=\"804\" \/>Converge-IT<br data-start=\"815\" data-end=\"818\" \/>Robert-Koch-Strasse 35<br data-start=\"837\" data-end=\"840\" \/>63543 Neuberg<br data-start=\"856\" data-end=\"859\" \/>Deutschland<\/p><p data-start=\"874\" data-end=\"932\">E-Mail: <a class=\"decorated-link cursor-pointer\" rel=\"noopener\" data-start=\"882\" data-end=\"901\">info@converge-it.de<\/a><br data-start=\"901\" data-end=\"904\" \/>Telefon: +49 (0)6181 9092020<\/p><hr data-start=\"934\" data-end=\"937\" \/><p data-start=\"939\" data-end=\"995\"><strong>3. Erhebung und Verarbeitung personenbezogener Daten<\/strong><\/p><p data-start=\"996\" data-end=\"1109\">Beim Besuch dieser Webseite werden <strong data-start=\"1031\" data-end=\"1078\">keine personenbezogenen Daten aktiv erhoben<\/strong>, gespeichert oder verarbeitet.<\/p><p data-start=\"1111\" data-end=\"1124\">Insbesondere:<\/p><ul data-start=\"1125\" data-end=\"1258\"><li data-start=\"1125\" data-end=\"1151\"><p data-start=\"1127\" data-end=\"1151\">keine Kontaktformulare<\/p><\/li><li data-start=\"1152\" data-end=\"1176\"><p data-start=\"1154\" data-end=\"1176\">keine Benutzerkonten<\/p><\/li><li data-start=\"1177\" data-end=\"1197\"><p data-start=\"1179\" data-end=\"1197\">keine Newsletter<\/p><\/li><li data-start=\"1198\" data-end=\"1218\"><p data-start=\"1200\" data-end=\"1218\">keine Kommentare<\/p><\/li><li data-start=\"1219\" data-end=\"1258\"><p data-start=\"1221\" data-end=\"1258\">keine Analyse- oder Trackingdienste<\/p><\/li><\/ul><hr data-start=\"1260\" data-end=\"1263\" \/><p data-start=\"1265\" data-end=\"1290\"><strong>4. Server-Log-Dateien<\/strong><\/p><p data-start=\"1291\" data-end=\"1515\">Der Hosting-Provider dieser Webseite kann automatisch Informationen in sogenannten <strong data-start=\"1374\" data-end=\"1396\">Server-Log-Dateien<\/strong> erfassen. Diese Daten werden vom Provider aus technischen Gr\u00fcnden erhoben und k\u00f6nnen folgende Informationen enthalten:<\/p><ul data-start=\"1517\" data-end=\"1699\"><li data-start=\"1517\" data-end=\"1572\"><p data-start=\"1519\" data-end=\"1572\">IP-Adresse (in der Regel anonymisiert oder gek\u00fcrzt)<\/p><\/li><li data-start=\"1573\" data-end=\"1606\"><p data-start=\"1575\" data-end=\"1606\">Datum und Uhrzeit der Anfrage<\/p><\/li><li data-start=\"1607\" data-end=\"1639\"><p data-start=\"1609\" data-end=\"1639\">aufgerufene Seite bzw. Datei<\/p><\/li><li data-start=\"1640\" data-end=\"1682\"><p data-start=\"1642\" data-end=\"1682\">verwendeter Browser und Betriebssystem<\/p><\/li><li data-start=\"1683\" data-end=\"1699\"><p data-start=\"1685\" data-end=\"1699\">Referrer-URL<\/p><\/li><\/ul><p data-start=\"1701\" data-end=\"1974\">Diese Daten sind <strong data-start=\"1718\" data-end=\"1758\">nicht bestimmten Personen zuordenbar<\/strong> und werden ausschlie\u00dflich zur <strong data-start=\"1789\" data-end=\"1832\">Sicherstellung des technischen Betriebs<\/strong> (z. B. zur Fehleranalyse oder Abwehr von Angriffen) verwendet. Eine Zusammenf\u00fchrung dieser Daten mit anderen Datenquellen findet nicht statt.<\/p><p data-start=\"1976\" data-end=\"2098\">Rechtsgrundlage:<br data-start=\"1992\" data-end=\"1995\" \/>Art. 6 Abs. 1 lit. f DSGVO (berechtigtes Interesse an einem sicheren und stabilen Betrieb der Webseite)<\/p><hr data-start=\"2100\" data-end=\"2103\" \/><p data-start=\"2105\" data-end=\"2119\"><strong>5. Cookies<\/strong><\/p><p data-start=\"2120\" data-end=\"2163\">Diese Webseite verwendet <strong data-start=\"2145\" data-end=\"2162\">keine Cookies<\/strong>.<\/p><hr data-start=\"2165\" data-end=\"2168\" \/><p data-start=\"2170\" data-end=\"2190\"><strong>6. Externe Links<\/strong><\/p><p data-start=\"2191\" data-end=\"2449\">Unsere Webseite kann Links zu externen Webseiten Dritter enthalten. Beim Anklicken dieser Links verl\u00e4sst du unsere Webseite. F\u00fcr die Inhalte und den Umgang mit personenbezogenen Daten auf externen Webseiten sind ausschlie\u00dflich deren Betreiber verantwortlich.<\/p><hr data-start=\"2451\" data-end=\"2454\" \/><p data-start=\"2456\" data-end=\"2495\"><strong>7. Daten\u00fcbermittlung in Drittl\u00e4nder<\/strong><\/p><p data-start=\"2496\" data-end=\"2576\">Eine \u00dcbermittlung personenbezogener Daten in Drittl\u00e4nder findet <strong data-start=\"2560\" data-end=\"2575\">nicht statt<\/strong>.<\/p><hr data-start=\"2578\" data-end=\"2581\" \/><p data-start=\"2583\" data-end=\"2621\"><strong>8. Rechte der betroffenen Personen<\/strong><\/p><p data-start=\"2622\" data-end=\"2739\">Sofern personenbezogene Daten verarbeitet werden sollten, stehen dir nach der DSGVO grunds\u00e4tzlich folgende Rechte zu:<\/p><ul data-start=\"2741\" data-end=\"3036\"><li data-start=\"2741\" data-end=\"2779\"><p data-start=\"2743\" data-end=\"2779\">Recht auf Auskunft (Art. 15 DSGVO)<\/p><\/li><li data-start=\"2780\" data-end=\"2822\"><p data-start=\"2782\" data-end=\"2822\">Recht auf Berichtigung (Art. 16 DSGVO)<\/p><\/li><li data-start=\"2823\" data-end=\"2861\"><p data-start=\"2825\" data-end=\"2861\">Recht auf L\u00f6schung (Art. 17 DSGVO)<\/p><\/li><li data-start=\"2862\" data-end=\"2922\"><p data-start=\"2864\" data-end=\"2922\">Recht auf Einschr\u00e4nkung der Verarbeitung (Art. 18 DSGVO)<\/p><\/li><li data-start=\"2923\" data-end=\"2973\"><p data-start=\"2925\" data-end=\"2973\">Recht auf Daten\u00fcbertragbarkeit (Art. 20 DSGVO)<\/p><\/li><li data-start=\"2974\" data-end=\"3036\"><p data-start=\"2976\" data-end=\"3036\">Recht auf Widerspruch gegen die Verarbeitung (Art. 21 DSGVO)<\/p><\/li><\/ul><p data-start=\"3038\" data-end=\"3173\">Hierzu sowie zu weiteren Fragen zum Datenschutz kannst du dich jederzeit unter den im Impressum angegebenen Kontaktdaten an uns wenden.<\/p><hr data-start=\"3175\" data-end=\"3178\" \/><p data-start=\"3180\" data-end=\"3227\"><strong>9. Beschwerderecht bei der Aufsichtsbeh\u00f6rde<\/strong><\/p><p data-start=\"3228\" data-end=\"3422\">Dir steht das Recht zu, dich bei einer Datenschutz-Aufsichtsbeh\u00f6rde zu beschweren.<br data-start=\"3310\" data-end=\"3313\" \/>Zust\u00e4ndig ist in der Regel die Datenschutzbeh\u00f6rde des Bundeslandes, in dem unser Unternehmen seinen Sitz hat.<\/p><hr data-start=\"3424\" data-end=\"3427\" \/><p data-start=\"3429\" data-end=\"3473\"><strong>10. \u00c4nderung dieser Datenschutzerkl\u00e4rung<\/strong><\/p><p data-start=\"3474\" data-end=\"3616\">Wir behalten uns vor, diese Datenschutzerkl\u00e4rung anzupassen, falls sich rechtliche Anforderungen oder der Funktionsumfang der Webseite \u00e4ndern.<\/p><p data-start=\"3618\" data-end=\"3633\">Stand: <strong data-start=\"3625\" data-end=\"3633\">2025<\/strong><\/p>\t\t\t\t\t\t\t\t<\/div>\n\t\t\t\t<\/div>\n\t\t\t\t\t<\/div>\n\t\t\t\t<\/div>\n\t\t\t\t<\/div>\n\t\t","protected":false},"excerpt":{"rendered":"<p>Datenschutz 1. Datenschutz auf einen Blick Der Schutz deiner pers\u00f6nlichen Daten ist uns ein besonderes Anliegen. Diese Datenschutzerkl\u00e4rung informiert dar\u00fcber, [&hellip;]<\/p>\n","protected":false},"author":1,"featured_media":0,"parent":0,"menu_order":0,"comment_status":"closed","ping_status":"closed","template":"","meta":{"_seopress_robots_primary_cat":"","_seopress_titles_title":"","_seopress_titles_desc":"","_seopress_robots_index":"","footnotes":""},"class_list":["post-5436","page","type-page","status-publish","hentry","post"],"_links":{"self":[{"href":"https:\/\/converge-it.de\/de_de\/wp-json\/wp\/v2\/pages\/5436","targetHints":{"allow":["GET"]}}],"collection":[{"href":"https:\/\/converge-it.de\/de_de\/wp-json\/wp\/v2\/pages"}],"about":[{"href":"https:\/\/converge-it.de\/de_de\/wp-json\/wp\/v2\/types\/page"}],"author":[{"embeddable":true,"href":"https:\/\/converge-it.de\/de_de\/wp-json\/wp\/v2\/users\/1"}],"replies":[{"embeddable":true,"href":"https:\/\/converge-it.de\/de_de\/wp-json\/wp\/v2\/comments?post=5436"}],"version-history":[{"count":10,"href":"https:\/\/converge-it.de\/de_de\/wp-json\/wp\/v2\/pages\/5436\/revisions"}],"predecessor-version":[{"id":5448,"href":"https:\/\/converge-it.de\/de_de\/wp-json\/wp\/v2\/pages\/5436\/revisions\/5448"}],"wp:attachment":[{"href":"https:\/\/converge-it.de\/de_de\/wp-json\/wp\/v2\/media?parent=5436"}],"curies":[{"name":"wp","href":"https:\/\/api.w.org\/{rel}","templated":true}]}}