{"id":5424,"date":"2025-12-27T15:38:56","date_gmt":"2025-12-27T15:38:56","guid":{"rendered":"https:\/\/convergeit.live-website.com\/?page_id=5424"},"modified":"2025-12-28T10:33:49","modified_gmt":"2025-12-28T10:33:49","slug":"impressum","status":"publish","type":"page","link":"https:\/\/converge-it.de\/de_de\/impressum\/","title":{"rendered":"Impressum"},"content":{"rendered":"\t\t<div data-elementor-type=\"wp-page\" data-elementor-id=\"5424\" class=\"elementor elementor-5424\" data-elementor-post-type=\"page\">\n\t\t\t\t<div class=\"elementor-element elementor-element-0c28650 e-grid e-con-boxed e-con e-parent\" data-id=\"0c28650\" data-element_type=\"container\">\n\t\t\t\t\t<div class=\"e-con-inner\">\n\t\t\t\t<div class=\"elementor-element elementor-element-c8abe3e elementor-widget elementor-widget-heading\" data-id=\"c8abe3e\" data-element_type=\"widget\" data-widget_type=\"heading.default\">\n\t\t\t\t<div class=\"elementor-widget-container\">\n\t\t\t\t\t<h1 class=\"elementor-heading-title elementor-size-default\">IMPRESSUM<\/h1>\t\t\t\t<\/div>\n\t\t\t\t<\/div>\n\t\t\t\t\t<\/div>\n\t\t\t\t<\/div>\n\t\t<div class=\"elementor-element elementor-element-a31d663 e-grid e-con-boxed e-con e-parent\" data-id=\"a31d663\" data-element_type=\"container\">\n\t\t\t\t\t<div class=\"e-con-inner\">\n\t\t\t\t<div class=\"elementor-element elementor-element-339ec3b elementor-widget elementor-widget-text-editor\" data-id=\"339ec3b\" data-element_type=\"widget\" data-widget_type=\"text-editor.default\">\n\t\t\t\t<div class=\"elementor-widget-container\">\n\t\t\t\t\t\t\t\t\t<p data-start=\"214\" data-end=\"239\"><strong data-start=\"214\" data-end=\"239\">Angaben gem\u00e4\u00df \u00a7 5 TMG<\/strong><\/p><p data-start=\"241\" data-end=\"331\">Converge-IT<br data-start=\"252\" data-end=\"255\" \/>Inhaber: Thomas Weber<br data-start=\"276\" data-end=\"279\" \/>Robert-Koch-Stra\u00dfe 35<br data-start=\"298\" data-end=\"301\" \/>63543 Neuberg<br data-start=\"317\" data-end=\"320\" \/>Deutschland<\/p><p data-start=\"333\" data-end=\"406\"><strong data-start=\"333\" data-end=\"345\">Kontakt:<\/strong><br data-start=\"345\" data-end=\"348\" \/>Telefon: +49 (0)6181 9092020<br data-start=\"376\" data-end=\"379\" \/>E-Mail: <a class=\"decorated-link cursor-pointer\" rel=\"noopener\" data-start=\"387\" data-end=\"406\">info@converge-it.de<\/a><\/p><p data-start=\"413\" data-end=\"454\"><strong data-start=\"413\" data-end=\"434\">Unternehmensform:<\/strong><br data-start=\"434\" data-end=\"437\" \/>Einzelunternehmen<\/p><p data-start=\"456\" data-end=\"510\"><strong data-start=\"456\" data-end=\"476\">Registereintrag:<\/strong><br data-start=\"476\" data-end=\"479\" \/>Kein Eintrag im Handelsregister<\/p><p data-start=\"512\" data-end=\"585\"><strong data-start=\"512\" data-end=\"532\">Umsatzsteuer-ID:<\/strong><br data-start=\"532\" data-end=\"535\" \/>Keine Umsatzsteuer-Identifikationsnummer vorhanden<\/p><p data-start=\"512\" data-end=\"585\"><strong data-start=\"592\" data-end=\"614\">T\u00e4tigkeitsbereich:<\/strong><br data-start=\"614\" data-end=\"617\" \/>IT-Dienstleistungen<\/p><p data-start=\"512\" data-end=\"585\"><strong data-start=\"643\" data-end=\"699\">Verantwortlich f\u00fcr den Inhalt nach \u00a7 18 Abs. 2 MStV:<\/strong><br data-start=\"699\" data-end=\"702\" \/>Thomas Weber<br data-start=\"714\" data-end=\"717\" \/>Robert-Koch-Stra\u00dfe 35<br data-start=\"298\" data-end=\"301\" \/>63543 Neuberg<br data-start=\"317\" data-end=\"320\" \/>Deutschland<\/p><p data-start=\"297\" data-end=\"320\"><strong>Haftung f\u00fcr Inhalte<\/strong><\/p><p data-start=\"321\" data-end=\"859\">Die Inhalte unserer Webseiten wurden mit gr\u00f6\u00dftm\u00f6glicher Sorgfalt erstellt. F\u00fcr die Richtigkeit, Vollst\u00e4ndigkeit und Aktualit\u00e4t der Inhalte k\u00f6nnen wir jedoch keine Gew\u00e4hr \u00fcbernehmen. Als Diensteanbieter sind wir gem\u00e4\u00df \u00a7 7 Abs. 1 TMG f\u00fcr eigene Inhalte auf diesen Seiten nach den allgemeinen Gesetzen verantwortlich. Nach \u00a7\u00a7 8 bis 10 TMG sind wir als Diensteanbieter jedoch nicht verpflichtet, \u00fcbermittelte oder gespeicherte fremde Informationen zu \u00fcberwachen oder nach Umst\u00e4nden zu forschen, die auf eine rechtswidrige T\u00e4tigkeit hinweisen.<\/p><p data-start=\"861\" data-end=\"1205\">Verpflichtungen zur Entfernung oder Sperrung der Nutzung von Informationen nach den allgemeinen Gesetzen bleiben hiervon unber\u00fchrt. Eine diesbez\u00fcgliche Haftung ist jedoch erst ab dem Zeitpunkt der Kenntnis einer konkreten Rechtsverletzung m\u00f6glich. Bei Bekanntwerden entsprechender Rechtsverletzungen werden wir diese Inhalte umgehend entfernen.<\/p><p data-start=\"1212\" data-end=\"1241\"><strong>Haftung f\u00fcr externe Links<\/strong><\/p><p data-start=\"1242\" data-end=\"1535\">Unsere Webseite enth\u00e4lt Links zu externen Webseiten Dritter, auf deren Inhalte wir keinen Einfluss haben. Deshalb k\u00f6nnen wir f\u00fcr diese fremden Inhalte auch keine Gew\u00e4hr \u00fcbernehmen. F\u00fcr die Inhalte der verlinkten Seiten ist stets der jeweilige Anbieter oder Betreiber der Seiten verantwortlich.<\/p><p data-start=\"1537\" data-end=\"1919\">Die verlinkten Seiten wurden zum Zeitpunkt der Verlinkung auf m\u00f6gliche Rechtsverst\u00f6\u00dfe \u00fcberpr\u00fcft. Rechtswidrige Inhalte waren zu diesem Zeitpunkt nicht erkennbar. Eine permanente inhaltliche Kontrolle der verlinkten Seiten ist jedoch ohne konkrete Anhaltspunkte einer Rechtsverletzung nicht zumutbar. Bei Bekanntwerden von Rechtsverletzungen werden derartige Links umgehend entfernt.<\/p><p data-start=\"1926\" data-end=\"1942\"><strong>Urheberrecht<\/strong><\/p><p data-start=\"1943\" data-end=\"2255\">Die durch den Seitenbetreiber erstellten Inhalte und Werke auf diesen Webseiten unterliegen dem deutschen Urheberrecht. Die Vervielf\u00e4ltigung, Bearbeitung, Verbreitung und jede Art der Verwertung au\u00dferhalb der Grenzen des Urheberrechtes bed\u00fcrfen der schriftlichen Zustimmung des jeweiligen Autors bzw. Erstellers.<\/p><p data-start=\"2257\" data-end=\"2732\">Downloads und Kopien dieser Seite sind nur f\u00fcr den privaten, nicht kommerziellen Gebrauch gestattet. Soweit die Inhalte auf dieser Seite nicht vom Betreiber erstellt wurden, werden die Urheberrechte Dritter beachtet und entsprechende Inhalte als solche gekennzeichnet. Solltest du trotzdem auf eine Urheberrechtsverletzung aufmerksam werden, bitten wir um einen entsprechenden Hinweis. Bei Bekanntwerden von Rechtsverletzungen werden wir derartige Inhalte umgehend entfernen.<\/p>\t\t\t\t\t\t\t\t<\/div>\n\t\t\t\t<\/div>\n\t\t\t\t\t<\/div>\n\t\t\t\t<\/div>\n\t\t\t\t<\/div>\n\t\t","protected":false},"excerpt":{"rendered":"<p>IMPRESSUM Angaben gem\u00e4\u00df \u00a7 5 TMG Converge-ITInhaber: Thomas WeberRobert-Koch-Stra\u00dfe 3563543 NeubergDeutschland Kontakt:Telefon: +49 (0)6181 9092020E-Mail: info@converge-it.de Unternehmensform:Einzelunternehmen Registereintrag:Kein Eintrag im [&hellip;]<\/p>\n","protected":false},"author":1,"featured_media":0,"parent":0,"menu_order":0,"comment_status":"closed","ping_status":"closed","template":"","meta":{"_seopress_robots_primary_cat":"","_seopress_titles_title":"","_seopress_titles_desc":"","_seopress_robots_index":"","footnotes":""},"class_list":["post-5424","page","type-page","status-publish","hentry","post"],"_links":{"self":[{"href":"https:\/\/converge-it.de\/de_de\/wp-json\/wp\/v2\/pages\/5424","targetHints":{"allow":["GET"]}}],"collection":[{"href":"https:\/\/converge-it.de\/de_de\/wp-json\/wp\/v2\/pages"}],"about":[{"href":"https:\/\/converge-it.de\/de_de\/wp-json\/wp\/v2\/types\/page"}],"author":[{"embeddable":true,"href":"https:\/\/converge-it.de\/de_de\/wp-json\/wp\/v2\/users\/1"}],"replies":[{"embeddable":true,"href":"https:\/\/converge-it.de\/de_de\/wp-json\/wp\/v2\/comments?post=5424"}],"version-history":[{"count":10,"href":"https:\/\/converge-it.de\/de_de\/wp-json\/wp\/v2\/pages\/5424\/revisions"}],"predecessor-version":[{"id":5435,"href":"https:\/\/converge-it.de\/de_de\/wp-json\/wp\/v2\/pages\/5424\/revisions\/5435"}],"wp:attachment":[{"href":"https:\/\/converge-it.de\/de_de\/wp-json\/wp\/v2\/media?parent=5424"}],"curies":[{"name":"wp","href":"https:\/\/api.w.org\/{rel}","templated":true}]}}