{"id":5289,"date":"2025-12-23T19:11:07","date_gmt":"2025-12-23T19:11:07","guid":{"rendered":"https:\/\/convergeit.live-website.com\/?page_id=5289"},"modified":"2025-12-27T08:47:25","modified_gmt":"2025-12-27T08:47:25","slug":"about","status":"publish","type":"page","link":"https:\/\/converge-it.de\/de_de\/about\/","title":{"rendered":"About"},"content":{"rendered":"\t\t<div data-elementor-type=\"wp-page\" data-elementor-id=\"5289\" class=\"elementor elementor-5289\" data-elementor-post-type=\"page\">\n\t\t\t\t<div class=\"elementor-element elementor-element-d059b0c elementor-hidden-mobile e-flex e-con-boxed e-con e-parent\" data-id=\"d059b0c\" data-element_type=\"container\" data-settings=\"{&quot;background_background&quot;:&quot;classic&quot;}\">\n\t\t\t\t\t<div class=\"e-con-inner\">\n\t\t\t\t<div class=\"elementor-element elementor-element-cf981bb elementor-widget elementor-widget-heading\" data-id=\"cf981bb\" data-element_type=\"widget\" data-widget_type=\"heading.default\">\n\t\t\t\t<div class=\"elementor-widget-container\">\n\t\t\t\t\t<h1 class=\"elementor-heading-title elementor-size-default\">Full Stack Digital Transformer<\/h1>\t\t\t\t<\/div>\n\t\t\t\t<\/div>\n\t\t\t\t\t<\/div>\n\t\t\t\t<\/div>\n\t\t<div class=\"elementor-element elementor-element-5cfd235 elementor-hidden-desktop elementor-hidden-tablet e-flex e-con-boxed e-con e-parent\" data-id=\"5cfd235\" data-element_type=\"container\" data-settings=\"{&quot;background_background&quot;:&quot;classic&quot;}\">\n\t\t\t\t\t<div class=\"e-con-inner\">\n\t\t\t\t<div class=\"elementor-element elementor-element-0bb99cd elementor-widget elementor-widget-heading\" data-id=\"0bb99cd\" data-element_type=\"widget\" data-widget_type=\"heading.default\">\n\t\t\t\t<div class=\"elementor-widget-container\">\n\t\t\t\t\t<h1 class=\"elementor-heading-title elementor-size-default\">Full Stack Digital Transformer<\/h1>\t\t\t\t<\/div>\n\t\t\t\t<\/div>\n\t\t\t\t\t<\/div>\n\t\t\t\t<\/div>\n\t\t<div class=\"elementor-element elementor-element-dde5b23 elementor-hidden-tablet elementor-hidden-mobile e-flex e-con-boxed elementor-invisible e-con e-parent\" data-id=\"dde5b23\" data-element_type=\"container\" data-settings=\"{&quot;background_background&quot;:&quot;classic&quot;,&quot;animation&quot;:&quot;slideInUp&quot;}\">\n\t\t\t\t\t<div class=\"e-con-inner\">\n\t\t<div class=\"elementor-element elementor-element-07945a4 e-grid e-con-full e-con e-child\" data-id=\"07945a4\" data-element_type=\"container\">\n\t\t\t\t<div class=\"elementor-element elementor-element-a439329 elementor-widget elementor-widget-image\" data-id=\"a439329\" data-element_type=\"widget\" data-widget_type=\"image.default\">\n\t\t\t\t<div class=\"elementor-widget-container\">\n\t\t\t\t\t\t\t\t\t\t\t\t\t\t\t<img alt=\"\" fetchpriority=\"high\" decoding=\"async\" width=\"500\" height=\"453\" src=\"https:\/\/converge-it.de\/wp-content\/uploads\/2025\/12\/Screenshot-2025-10-07-163736.png\" class=\"attachment-large size-large wp-image-5292\" alt=\"\" srcset=\"https:\/\/converge-it.de\/wp-content\/uploads\/2025\/12\/Screenshot-2025-10-07-163736.png 500w, https:\/\/converge-it.de\/wp-content\/uploads\/2025\/12\/Screenshot-2025-10-07-163736-300x272.png 300w\" sizes=\"(max-width: 500px) 100vw, 500px\" \/>\t\t\t\t\t\t\t\t\t\t\t\t\t\t\t<\/div>\n\t\t\t\t<\/div>\n\t\t\t\t<div class=\"elementor-element elementor-element-b3602a6 elementor-widget elementor-widget-text-editor\" data-id=\"b3602a6\" data-element_type=\"widget\" data-widget_type=\"text-editor.default\">\n\t\t\t\t<div class=\"elementor-widget-container\">\n\t\t\t\t\t\t\t\t\t<p data-start=\"537\" data-end=\"873\">Mit 30+ Jahren im Beruf habe ich einige disruptive digitale Technologien kommen und gehen sehen, die signifikante Einfl\u00fcsse auf M\u00e4rkte, Wirtschaft und wie wir Leben hatten.\u00a0<\/p><p data-start=\"537\" data-end=\"873\">In meinem Wirkungsbereich waren das vor allem das global verf\u00fcgbare Internet, die Verschmelzung von IT und Telekommunikation bis hin zur v\u00f6lligen Umw\u00e4lzung des Telekommunikationsmarktes im eigentlichen Sinne und nun die KI basierten Gesch\u00e4ftsmodelle.\u00a0<\/p><p data-start=\"537\" data-end=\"873\">Was mich dabei immer erstaunte war die Tatsache, dass diese disruptiven Technologien lediglich Enabler f\u00fcr was viel Gr\u00f6\u00dferes, n\u00e4mlich neue Visionen, Strategien, Gesch\u00e4ftsmodelle und organisatorische Strukturen waren. Das macht f\u00fcr mich die gesamte Faszination der digitalen Transformation aus.<\/p><p data-start=\"537\" data-end=\"873\">Mein Name ist Thomas Weber, und heutzutage liegt mein Schwerpunkt auf digitaler Souver\u00e4nit\u00e4t Made in Germany.<\/p>\t\t\t\t\t\t\t\t<\/div>\n\t\t\t\t<\/div>\n\t\t\t\t<\/div>\n\t\t\t\t\t<\/div>\n\t\t\t\t<\/div>\n\t\t<div class=\"elementor-element elementor-element-50b299d elementor-hidden-desktop e-flex e-con-boxed elementor-invisible e-con e-parent\" data-id=\"50b299d\" data-element_type=\"container\" data-settings=\"{&quot;background_background&quot;:&quot;classic&quot;,&quot;animation&quot;:&quot;slideInUp&quot;}\">\n\t\t\t\t\t<div class=\"e-con-inner\">\n\t\t<div class=\"elementor-element elementor-element-e899605 e-grid e-con-full e-con e-child\" data-id=\"e899605\" data-element_type=\"container\">\n\t\t\t\t<div class=\"elementor-element elementor-element-fea2448 elementor-widget elementor-widget-image\" data-id=\"fea2448\" data-element_type=\"widget\" data-widget_type=\"image.default\">\n\t\t\t\t<div class=\"elementor-widget-container\">\n\t\t\t\t\t\t\t\t\t\t\t\t\t\t\t<img alt=\"\" fetchpriority=\"high\" decoding=\"async\" width=\"500\" height=\"453\" src=\"https:\/\/converge-it.de\/wp-content\/uploads\/2025\/12\/Screenshot-2025-10-07-163736.png\" class=\"attachment-large size-large wp-image-5292\" alt=\"\" srcset=\"https:\/\/converge-it.de\/wp-content\/uploads\/2025\/12\/Screenshot-2025-10-07-163736.png 500w, https:\/\/converge-it.de\/wp-content\/uploads\/2025\/12\/Screenshot-2025-10-07-163736-300x272.png 300w\" sizes=\"(max-width: 500px) 100vw, 500px\" \/>\t\t\t\t\t\t\t\t\t\t\t\t\t\t\t<\/div>\n\t\t\t\t<\/div>\n\t\t\t\t<div class=\"elementor-element elementor-element-11c4680 elementor-widget elementor-widget-text-editor\" data-id=\"11c4680\" data-element_type=\"widget\" data-widget_type=\"text-editor.default\">\n\t\t\t\t<div class=\"elementor-widget-container\">\n\t\t\t\t\t\t\t\t\t<p style=\"text-align: center;\" data-start=\"537\" data-end=\"873\">Mit 30+ Jahren im Beruf habe ich einige disruptive digitale Technologien kommen und gehen sehen, die signifikante Einfl\u00fcsse auf M\u00e4rkte, Wirtschaft und wie wir Leben hatten.\u00a0<\/p><p style=\"text-align: center;\" data-start=\"537\" data-end=\"873\">In meinem Wirkungsbereich waren das vor allem das global verf\u00fcgbare Internet, die Verschmelzung von IT und Telekommunikation bis hin zur v\u00f6lligen Umw\u00e4lzung des Telekommunikationsmarktes im eigentlichen Sinne und nun die KI basierten Gesch\u00e4ftsmodelle.\u00a0<\/p><p style=\"text-align: center;\" data-start=\"537\" data-end=\"873\">Was mich dabei immer erstaunte war die Tatsache, dass diese disruptiven Technologien lediglich Enabler f\u00fcr was viel Gr\u00f6\u00dferes, n\u00e4mlich neue Visionen, Strategien, Gesch\u00e4ftsmodelle und organisatorische Strukturen waren. Das macht f\u00fcr mich die gesamte Faszination der digitalen Transformation aus.<\/p><p style=\"text-align: center;\" data-start=\"537\" data-end=\"873\">Mein Name ist Thomas Weber, und heutzutage liegt mein Schwerpunkt auf digitaler Souver\u00e4nit\u00e4t Made in Germany.<\/p>\t\t\t\t\t\t\t\t<\/div>\n\t\t\t\t<\/div>\n\t\t\t\t<\/div>\n\t\t\t\t\t<\/div>\n\t\t\t\t<\/div>\n\t\t<div class=\"elementor-element elementor-element-031bd79 e-grid e-con-boxed e-con e-parent\" data-id=\"031bd79\" data-element_type=\"container\" data-settings=\"{&quot;background_background&quot;:&quot;classic&quot;}\">\n\t\t\t\t\t<div class=\"e-con-inner\">\n\t\t\t\t<div class=\"elementor-element elementor-element-cce4909 elementor-invisible elementor-widget elementor-widget-text-editor\" data-id=\"cce4909\" data-element_type=\"widget\" data-settings=\"{&quot;_animation&quot;:&quot;slideInUp&quot;}\" data-widget_type=\"text-editor.default\">\n\t\t\t\t<div class=\"elementor-widget-container\">\n\t\t\t\t\t\t\t\t\t<h2 style=\"text-align: center;\" data-start=\"1890\" data-end=\"1922\"><strong>AUSBILDUNG<\/strong><\/h2><p style=\"text-align: center;\" data-start=\"1978\" data-end=\"2204\">STUDIUM DER NACHRICHTENTECHNIK FH TELEKOM<\/p><p style=\"text-align: center;\" data-start=\"1978\" data-end=\"2204\">MBA ROCHESTER BERN EXECUTIVE PROGRAMS<\/p>\t\t\t\t\t\t\t\t<\/div>\n\t\t\t\t<\/div>\n\t\t\t\t<div class=\"elementor-element elementor-element-ba12883 elementor-invisible elementor-widget elementor-widget-text-editor\" data-id=\"ba12883\" data-element_type=\"widget\" data-settings=\"{&quot;_animation&quot;:&quot;slideInUp&quot;}\" data-widget_type=\"text-editor.default\">\n\t\t\t\t<div class=\"elementor-widget-container\">\n\t\t\t\t\t\t\t\t\t<h2 style=\"text-align: center;\" data-start=\"2725\" data-end=\"2785\"><strong>FIRMEN<\/strong><\/h2><p style=\"text-align: center;\" data-start=\"2827\" data-end=\"2920\">SIEMENS AG<\/p><p style=\"text-align: center;\" data-start=\"2827\" data-end=\"2920\">AVAYA<\/p><p style=\"text-align: center;\" data-start=\"2827\" data-end=\"2920\">FRESENIUS MEDICAL CARE<\/p><p style=\"text-align: center;\" data-start=\"2827\" data-end=\"2920\">MAIN-KINZIG-KREIS<\/p><p data-start=\"2827\" data-end=\"2920\">\u00a0<\/p>\t\t\t\t\t\t\t\t<\/div>\n\t\t\t\t<\/div>\n\t\t\t\t<div class=\"elementor-element elementor-element-a2d34fd elementor-invisible elementor-widget elementor-widget-text-editor\" data-id=\"a2d34fd\" data-element_type=\"widget\" data-settings=\"{&quot;_animation&quot;:&quot;slideInUp&quot;}\" data-widget_type=\"text-editor.default\">\n\t\t\t\t<div class=\"elementor-widget-container\">\n\t\t\t\t\t\t\t\t\t<h2 style=\"text-align: center;\" data-start=\"3439\" data-end=\"3494\"><strong>ROLLEN<\/strong><\/h2><p style=\"text-align: center;\" data-start=\"4160\" data-end=\"4281\">SYSTEMS ENGINEER<\/p><p style=\"text-align: center;\" data-start=\"4160\" data-end=\"4281\">PRODUCT MANAGER EMEA &#8211; CONTACT CENTER<\/p><p style=\"text-align: center;\" data-start=\"4160\" data-end=\"4281\">DIRECTOR PRODUCT MANAGEMENT\u00a0 EMEA\/LA- CLINICAL INFORMATION SYSTEMS<\/p><p style=\"text-align: center;\" data-start=\"4160\" data-end=\"4281\">DIRECTOR PROGRAM MANAGEMENT GLOBAL &#8211; HOME THERAPIES<\/p><p style=\"text-align: center;\" data-start=\"4160\" data-end=\"4281\">CHIEF DIGITAL OFFICER<\/p><p style=\"text-align: center;\" data-start=\"4160\" data-end=\"4281\">DOZENT F\u00dcR DIGITALE TRANSFORMATION AN DER <a href=\"https:\/\/hoems.hessen.de\/\">HESSISCHEN HOCHSCHULE F\u00dcR \u00d6FFENTLICHES MANAGEMENT UND SICHERHEIT<\/a><\/p><p data-start=\"4160\" data-end=\"4281\">\u00a0<\/p>\t\t\t\t\t\t\t\t<\/div>\n\t\t\t\t<\/div>\n\t\t\t\t<div class=\"elementor-element elementor-element-c7b702e elementor-invisible elementor-widget elementor-widget-text-editor\" data-id=\"c7b702e\" data-element_type=\"widget\" data-settings=\"{&quot;_animation&quot;:&quot;slideInUp&quot;}\" data-widget_type=\"text-editor.default\">\n\t\t\t\t<div class=\"elementor-widget-container\">\n\t\t\t\t\t\t\t\t\t<h2 style=\"text-align: center;\" data-start=\"3439\" data-end=\"3494\"><strong>ON STAGE<\/strong><\/h2><p style=\"text-align: center;\" data-start=\"4160\" data-end=\"4281\">PORTFOLIO &amp; PROJECT MANAGEMENT SUMMIT (Berlin 2017)<\/p><p style=\"text-align: center;\" data-start=\"4160\" data-end=\"4281\"><em>&#8222;Implementing digitalisation in achieving your strategic goals&#8220;<\/em><\/p><p style=\"text-align: center;\" data-start=\"4160\" data-end=\"4281\">&#8211;<\/p><p data-start=\"4160\" data-end=\"4281\">\u00a0<\/p><p style=\"text-align: center;\" data-start=\"4160\" data-end=\"4281\">PORTFOLIO &amp; PROJECT MANAGEMENT SUMMIT (Vienna 2018)<\/p><p style=\"text-align: center;\" data-start=\"4160\" data-end=\"4281\"><em>&#8222;New ways to sense and respond to digitalisation<\/em><br \/><em>opportunities and environmental changes&#8220;<\/em><\/p><p style=\"text-align: center;\" data-start=\"4160\" data-end=\"4281\">&#8211;<\/p><p style=\"text-align: center;\" data-start=\"4160\" data-end=\"4281\">STRATEGIC PORTFOLIO &amp; PROJECTMANAGEMENT (Berlin 2019)<\/p><p style=\"text-align: center;\" data-start=\"4160\" data-end=\"4281\"><em>&#8222;How to Master Program Management in Digital Transformation<\/em><br \/><em>Projects: New Ways to Sense and Respond to Digitalization<\/em><br \/><em>Opportunities and Environmental Changes&#8220;<\/em><\/p><p style=\"text-align: center;\" data-start=\"4160\" data-end=\"4281\">&#8211;<\/p><p style=\"text-align: center;\" data-start=\"4160\" data-end=\"4281\">SOFTWARE DESIGN FOR MEDICAL PRODUCTS (Berlin 2020)<\/p><p style=\"text-align: center;\" data-start=\"4160\" data-end=\"4281\"><em>&#8222;New ways to sense and respond to<\/em><br \/><em>digitalization opportunities and environmental changes&#8220;<\/em><\/p><p style=\"text-align: center;\" data-start=\"4160\" data-end=\"4281\">&#8211;<\/p><p style=\"text-align: center;\" data-start=\"4160\" data-end=\"4281\">R&amp;D CONTROLLING &amp; PERFORMANCE MANAGEMENT (Amsterdam 2020)<\/p><p style=\"text-align: center;\" data-start=\"4160\" data-end=\"4281\"><em>&#8222;How to Master Program Management in Digital<\/em><br \/><em>Transformation Projects: New Ways to Sense and Respond<\/em><br \/><em>to Digitalization Opportunities and Environmental Changes&#8220;<\/em><\/p><p style=\"text-align: center;\" data-start=\"4160\" data-end=\"4281\">&#8211;<\/p><p style=\"text-align: center;\" data-start=\"4160\" data-end=\"4281\">WORLD CLASS BUSINESS LEADERS: DIGITAL TRANSFORMATION (Leipzig 2023)<\/p><p style=\"text-align: center;\" data-start=\"4160\" data-end=\"4281\"><em>&#8222;Digitale Transformation von 0 auf 100&#8220;<\/em><\/p><p style=\"text-align: center;\" data-start=\"4160\" data-end=\"4281\">&#8211;<\/p><p style=\"text-align: center;\" data-start=\"4160\" data-end=\"4281\">WEB MONTAG (Frankfurt 2024)<\/p><p style=\"text-align: center;\" data-start=\"4160\" data-end=\"4281\"><em>&#8222;Digitales<\/em><br \/><em>Geb\u00e4udemanagement<\/em><br \/><em>im Main Kinzig Kreis&#8220;<\/em><\/p><p style=\"text-align: center;\" data-start=\"4160\" data-end=\"4281\">&#8211;<\/p><p style=\"text-align: center;\" data-start=\"4160\" data-end=\"4281\">WORLD CLASS BUSINESS LEADERS: DIGITAL TRANSFORMATION (Frankfurt 2025)<\/p><p style=\"text-align: center;\" data-start=\"4160\" data-end=\"4281\"><em>&#8222;Digital Sovereignty: Risks, Chances and Best Practices&#8220;<\/em><\/p><p style=\"text-align: center;\" data-start=\"4160\" data-end=\"4281\">&#8211;<\/p><p style=\"text-align: center;\" data-start=\"4160\" data-end=\"4281\">WEB MONTAG (Frankfurt 2025)<\/p><p style=\"text-align: center;\" data-start=\"4160\" data-end=\"4281\"><em>&#8222;<\/em><em>Smart Home im Eigenbau-Chancen &amp; Risiken&#8220;<\/em><\/p>\t\t\t\t\t\t\t\t<\/div>\n\t\t\t\t<\/div>\n\t\t\t\t\t<\/div>\n\t\t\t\t<\/div>\n\t\t\t\t<\/div>\n\t\t","protected":false},"excerpt":{"rendered":"<p>Full Stack Digital Transformer Full Stack Digital Transformer Mit 30+ Jahren im Beruf habe ich einige disruptive digitale Technologien kommen [&hellip;]<\/p>\n","protected":false},"author":1,"featured_media":0,"parent":0,"menu_order":0,"comment_status":"closed","ping_status":"closed","template":"","meta":{"_seopress_robots_primary_cat":"","_seopress_titles_title":"","_seopress_titles_desc":"","_seopress_robots_index":"","footnotes":""},"class_list":["post-5289","page","type-page","status-publish","hentry","post"],"_links":{"self":[{"href":"https:\/\/converge-it.de\/de_de\/wp-json\/wp\/v2\/pages\/5289","targetHints":{"allow":["GET"]}}],"collection":[{"href":"https:\/\/converge-it.de\/de_de\/wp-json\/wp\/v2\/pages"}],"about":[{"href":"https:\/\/converge-it.de\/de_de\/wp-json\/wp\/v2\/types\/page"}],"author":[{"embeddable":true,"href":"https:\/\/converge-it.de\/de_de\/wp-json\/wp\/v2\/users\/1"}],"replies":[{"embeddable":true,"href":"https:\/\/converge-it.de\/de_de\/wp-json\/wp\/v2\/comments?post=5289"}],"version-history":[{"count":76,"href":"https:\/\/converge-it.de\/de_de\/wp-json\/wp\/v2\/pages\/5289\/revisions"}],"predecessor-version":[{"id":5414,"href":"https:\/\/converge-it.de\/de_de\/wp-json\/wp\/v2\/pages\/5289\/revisions\/5414"}],"wp:attachment":[{"href":"https:\/\/converge-it.de\/de_de\/wp-json\/wp\/v2\/media?parent=5289"}],"curies":[{"name":"wp","href":"https:\/\/api.w.org\/{rel}","templated":true}]}}