{"id":4837,"date":"2025-12-20T11:17:27","date_gmt":"2025-12-20T11:17:27","guid":{"rendered":"https:\/\/convergeit.live-website.com\/?page_id=4837"},"modified":"2025-12-24T04:19:14","modified_gmt":"2025-12-24T04:19:14","slug":"smart-factory-smart-home","status":"publish","type":"page","link":"https:\/\/converge-it.de\/de_de\/smart-factory-smart-home\/","title":{"rendered":"Smart Factory\/Smart Home"},"content":{"rendered":"\t\t<div data-elementor-type=\"wp-page\" data-elementor-id=\"4837\" class=\"elementor elementor-4837\" data-elementor-post-type=\"page\">\n\t\t\t\t<div class=\"elementor-element elementor-element-ddf7da6 elementor-hidden-mobile e-flex e-con-boxed e-con e-parent\" data-id=\"ddf7da6\" data-element_type=\"container\" data-settings=\"{&quot;background_background&quot;:&quot;classic&quot;}\">\n\t\t\t\t\t<div class=\"e-con-inner\">\n\t\t\t\t<div class=\"elementor-element elementor-element-17277a4 elementor-widget elementor-widget-heading\" data-id=\"17277a4\" data-element_type=\"widget\" data-widget_type=\"heading.default\">\n\t\t\t\t<div class=\"elementor-widget-container\">\n\t\t\t\t\t<h1 class=\"elementor-heading-title elementor-size-default\">Smart Factory\/Smart Home<\/h1>\t\t\t\t<\/div>\n\t\t\t\t<\/div>\n\t\t\t\t\t<\/div>\n\t\t\t\t<\/div>\n\t\t<div class=\"elementor-element elementor-element-d44da3d elementor-hidden-desktop elementor-hidden-tablet e-flex e-con-boxed e-con e-parent\" data-id=\"d44da3d\" data-element_type=\"container\" data-settings=\"{&quot;background_background&quot;:&quot;classic&quot;}\">\n\t\t\t\t\t<div class=\"e-con-inner\">\n\t\t\t\t<div class=\"elementor-element elementor-element-d2944c6 elementor-widget elementor-widget-heading\" data-id=\"d2944c6\" data-element_type=\"widget\" data-widget_type=\"heading.default\">\n\t\t\t\t<div class=\"elementor-widget-container\">\n\t\t\t\t\t<h1 class=\"elementor-heading-title elementor-size-default\">Smart Factory\/<br>Smart Home<\/h1>\t\t\t\t<\/div>\n\t\t\t\t<\/div>\n\t\t\t\t\t<\/div>\n\t\t\t\t<\/div>\n\t\t<div class=\"elementor-element elementor-element-dde5b23 elementor-hidden-tablet elementor-hidden-mobile e-flex e-con-boxed elementor-invisible e-con e-parent\" data-id=\"dde5b23\" data-element_type=\"container\" data-settings=\"{&quot;background_background&quot;:&quot;classic&quot;,&quot;animation&quot;:&quot;slideInUp&quot;}\">\n\t\t\t\t\t<div class=\"e-con-inner\">\n\t\t<div class=\"elementor-element elementor-element-3c3471c e-grid e-con-full e-con e-child\" data-id=\"3c3471c\" data-element_type=\"container\">\n\t\t\t\t<div class=\"elementor-element elementor-element-d7ef614 elementor-widget elementor-widget-image\" data-id=\"d7ef614\" data-element_type=\"widget\" data-widget_type=\"image.default\">\n\t\t\t\t<div class=\"elementor-widget-container\">\n\t\t\t\t\t\t\t\t\t\t\t\t\t\t\t\t<a href=\"https:\/\/www.openhab.org\/\">\n\t\t\t\t\t\t\t<img alt=\"\" decoding=\"async\" width=\"250\" height=\"171\" src=\"https:\/\/converge-it.de\/wp-content\/uploads\/2025\/12\/OpenHAB_logo_2.svg.png\" class=\"attachment-large size-large wp-image-5279\" alt=\"\" \/>\t\t\t\t\t\t\t\t<\/a>\n\t\t\t\t\t\t\t\t\t\t\t\t\t\t\t<\/div>\n\t\t\t\t<\/div>\n\t\t\t\t<div class=\"elementor-element elementor-element-bab260a elementor-widget elementor-widget-text-editor\" data-id=\"bab260a\" data-element_type=\"widget\" data-widget_type=\"text-editor.default\">\n\t\t\t\t<div class=\"elementor-widget-container\">\n\t\t\t\t\t\t\t\t\t<p data-start=\"487\" data-end=\"736\"><strong data-start=\"510\" data-end=\"540\">Smart Factory \/ Smart Home<\/strong> verbindet moderne IoT-Technologien mit offener Software, um <strong data-start=\"601\" data-end=\"641\">Prozesssteuerung und Automatisierung<\/strong> sowohl im <strong data-start=\"652\" data-end=\"687\">industriellen Produktionsumfeld<\/strong> als auch im <strong data-start=\"700\" data-end=\"724\">privaten Wohnbereich<\/strong> umzusetzen.<\/p><p data-start=\"738\" data-end=\"1053\">Beliebt sind Systeme, die\u00a0 konsequent auf <strong data-start=\"778\" data-end=\"806\">Open-Source-Technologien <\/strong>basieren . Eine Beispielkonfiguration ist folgende: Als zentrale Plattform kommt <strong data-start=\"837\" data-end=\"848\">openHAB<\/strong> zum Einsatz, betrieben auf <strong data-start=\"876\" data-end=\"901\">Raspberry-Pi-Hardware<\/strong>. So entstehen leistungsf\u00e4hige, flexible und herstellerunabh\u00e4ngige Automatisierungssysteme \u2013 vom smarten Zuhause bis zur vernetzten Produktionsumgebung.<\/p>\t\t\t\t\t\t\t\t<\/div>\n\t\t\t\t<\/div>\n\t\t\t\t<\/div>\n\t\t\t\t\t<\/div>\n\t\t\t\t<\/div>\n\t\t<div class=\"elementor-element elementor-element-0d0adec elementor-hidden-desktop e-flex e-con-boxed elementor-invisible e-con e-parent\" data-id=\"0d0adec\" data-element_type=\"container\" data-settings=\"{&quot;background_background&quot;:&quot;classic&quot;,&quot;animation&quot;:&quot;slideInUp&quot;}\">\n\t\t\t\t\t<div class=\"e-con-inner\">\n\t\t<div class=\"elementor-element elementor-element-b4328ad e-grid e-con-full e-con e-child\" data-id=\"b4328ad\" data-element_type=\"container\">\n\t\t\t\t<div class=\"elementor-element elementor-element-f8d3f68 elementor-widget elementor-widget-image\" data-id=\"f8d3f68\" data-element_type=\"widget\" data-widget_type=\"image.default\">\n\t\t\t\t<div class=\"elementor-widget-container\">\n\t\t\t\t\t\t\t\t\t\t\t\t\t\t\t\t<a href=\"https:\/\/www.openhab.org\/\">\n\t\t\t\t\t\t\t<img alt=\"\" decoding=\"async\" width=\"250\" height=\"171\" src=\"https:\/\/converge-it.de\/wp-content\/uploads\/2025\/12\/OpenHAB_logo_2.svg.png\" class=\"attachment-large size-large wp-image-5279\" alt=\"\" \/>\t\t\t\t\t\t\t\t<\/a>\n\t\t\t\t\t\t\t\t\t\t\t\t\t\t\t<\/div>\n\t\t\t\t<\/div>\n\t\t\t\t<div class=\"elementor-element elementor-element-e32af35 elementor-widget elementor-widget-text-editor\" data-id=\"e32af35\" data-element_type=\"widget\" data-widget_type=\"text-editor.default\">\n\t\t\t\t<div class=\"elementor-widget-container\">\n\t\t\t\t\t\t\t\t\t<p style=\"text-align: center;\" data-start=\"487\" data-end=\"736\"><strong data-start=\"510\" data-end=\"540\">Smart Factory \/ Smart Home<\/strong> verbindet moderne IoT-Technologien mit offener Software, um <strong data-start=\"601\" data-end=\"641\">Prozesssteuerung und Automatisierung<\/strong> sowohl im <strong data-start=\"652\" data-end=\"687\">industriellen Produktionsumfeld<\/strong> als auch im <strong data-start=\"700\" data-end=\"724\">privaten Wohnbereich<\/strong> umzusetzen.<\/p><p style=\"text-align: center;\" data-start=\"738\" data-end=\"1053\">Beliebt sind Systeme, die\u00a0 konsequent auf <strong data-start=\"778\" data-end=\"806\">Open-Source-Technologien <\/strong>basieren . Eine Beispielkonfiguration ist folgende: Als zentrale Plattform kommt <strong data-start=\"837\" data-end=\"848\">openHAB<\/strong> zum Einsatz, betrieben auf <strong data-start=\"876\" data-end=\"901\">Raspberry-Pi-Hardware<\/strong>. So entstehen leistungsf\u00e4hige, flexible und herstellerunabh\u00e4ngige Automatisierungssysteme \u2013 vom smarten Zuhause bis zur vernetzten Produktionsumgebung.<\/p>\t\t\t\t\t\t\t\t<\/div>\n\t\t\t\t<\/div>\n\t\t\t\t<\/div>\n\t\t\t\t\t<\/div>\n\t\t\t\t<\/div>\n\t\t<div class=\"elementor-element elementor-element-031bd79 e-grid elementor-hidden-mobile e-con-boxed e-con e-parent\" data-id=\"031bd79\" data-element_type=\"container\" data-settings=\"{&quot;background_background&quot;:&quot;classic&quot;}\">\n\t\t\t\t\t<div class=\"e-con-inner\">\n\t\t\t\t<div class=\"elementor-element elementor-element-cce4909 elementor-invisible elementor-widget elementor-widget-text-editor\" data-id=\"cce4909\" data-element_type=\"widget\" data-settings=\"{&quot;_animation&quot;:&quot;slideInUp&quot;}\" data-widget_type=\"text-editor.default\">\n\t\t\t\t<div class=\"elementor-widget-container\">\n\t\t\t\t\t\t\t\t\t<h2 style=\"text-align: center;\" data-start=\"1094\" data-end=\"1150\"><strong>Hersteller-unabh\u00e4ngigkeit &amp; Investitionssicherheit<\/strong><\/h2><p data-start=\"1151\" data-end=\"1287\">Im Gegensatz zu vielen kommerziellen Smart-Home-Systemen ist eine Open-Source L\u00f6sung wie openHAB <strong data-start=\"1226\" data-end=\"1284\">nicht an einzelne Anbieter oder Cloud-Dienste gebunden<\/strong>.<\/p><ul data-start=\"1288\" data-end=\"1491\"><li data-start=\"1288\" data-end=\"1321\"><p data-start=\"1290\" data-end=\"1321\">Keine Lizenz- oder Abo-Kosten<\/p><\/li><li data-start=\"1322\" data-end=\"1412\"><p data-start=\"1324\" data-end=\"1412\">Keine Abh\u00e4ngigkeit von Produktzyklen oder Gesch\u00e4ftsentscheidungen einzelner Hersteller<\/p><\/li><li data-start=\"1413\" data-end=\"1491\"><p data-start=\"1415\" data-end=\"1491\">Langfristige Nutzbarkeit und volle Kontrolle \u00fcber die eigene Infrastruktur<\/p><\/li><\/ul><p data-start=\"1493\" data-end=\"1616\">Gerade im industriellen Umfeld ist diese Unabh\u00e4ngigkeit ein entscheidender Faktor f\u00fcr nachhaltige Automatisierung-l\u00f6sungen.<\/p>\t\t\t\t\t\t\t\t<\/div>\n\t\t\t\t<\/div>\n\t\t\t\t<div class=\"elementor-element elementor-element-ba12883 elementor-invisible elementor-widget elementor-widget-text-editor\" data-id=\"ba12883\" data-element_type=\"widget\" data-settings=\"{&quot;_animation&quot;:&quot;slideInUp&quot;}\" data-widget_type=\"text-editor.default\">\n\t\t\t\t<div class=\"elementor-widget-container\">\n\t\t\t\t\t\t\t\t\t<h2 style=\"text-align: center;\" data-start=\"1623\" data-end=\"1657\"><strong>Open Source statt Black Box<\/strong><\/h2><p data-start=\"1658\" data-end=\"1804\">Mit <strong data-start=\"1662\" data-end=\"1673\">openHAB<\/strong> setzt man\u00a0 auf eine <strong data-start=\"1694\" data-end=\"1728\">transparente, offene Plattform<\/strong>, deren Quellcode vollst\u00e4ndig einsehbar und erweiterbar ist.<br data-start=\"1788\" data-end=\"1791\" \/>Das bedeutet:<\/p><ul data-start=\"1805\" data-end=\"1977\"><li data-start=\"1805\" data-end=\"1853\"><p data-start=\"1807\" data-end=\"1853\">Volle Anpassbarkeit an individuelle Prozesse<\/p><\/li><li data-start=\"1854\" data-end=\"1907\"><p data-start=\"1856\" data-end=\"1907\">Keine versteckten Funktionen oder Einschr\u00e4nkungen<\/p><\/li><li data-start=\"1908\" data-end=\"1977\"><p data-start=\"1910\" data-end=\"1977\">Sicherheit durch Transparenz statt propriet\u00e4rer Black-Box-Systeme<\/p><\/li><\/ul><p data-start=\"1979\" data-end=\"2144\">Im Vergleich zu anderen Open-Source-L\u00f6sungen \u00fcberzeugt openHAB durch seine <strong data-start=\"2054\" data-end=\"2075\">reife Architektur<\/strong>, die gro\u00dfe Community und den klaren Fokus auf Integrationsf\u00e4higkeit.<\/p>\t\t\t\t\t\t\t\t<\/div>\n\t\t\t\t<\/div>\n\t\t\t\t<div class=\"elementor-element elementor-element-a2d34fd elementor-invisible elementor-widget elementor-widget-text-editor\" data-id=\"a2d34fd\" data-element_type=\"widget\" data-settings=\"{&quot;_animation&quot;:&quot;slideInUp&quot;}\" data-widget_type=\"text-editor.default\">\n\t\t\t\t<div class=\"elementor-widget-container\">\n\t\t\t\t\t\t\t\t\t<h2 style=\"text-align: center;\" data-start=\"2151\" data-end=\"2208\"><strong>Einheitliche L\u00f6sung f\u00fcr Smart Home &amp; Smart Factory<\/strong><\/h2><p data-start=\"2209\" data-end=\"2268\">Die gezeigte Architektur ist <strong data-start=\"2232\" data-end=\"2267\">branchen\u00fcbergreifend einsetzbar<\/strong>:<\/p><ul data-start=\"2269\" data-end=\"2445\"><li data-start=\"2269\" data-end=\"2348\"><p data-start=\"2271\" data-end=\"2348\"><strong data-start=\"2271\" data-end=\"2285\">Smart Home<\/strong>: Licht, Heizung, Beschattung, Energie-Management, Sicherheit<\/p><\/li><li data-start=\"2349\" data-end=\"2445\"><p data-start=\"2351\" data-end=\"2445\"><strong data-start=\"2351\" data-end=\"2368\">Smart Factory<\/strong>: Maschinenanbindung, Zustands\u00fcberwachung, Prozesssteuerung, Visualisierung<\/p><\/li><\/ul><p data-start=\"2447\" data-end=\"2624\">Beide Welten nutzen dieselbe technologische Basis \u2013 das reduziert Komplexit\u00e4t und erm\u00f6glicht <strong data-start=\"2540\" data-end=\"2581\">durchg\u00e4ngige Automatisierungskonzepte<\/strong> vom privaten bis zum gewerblichen Einsatz.<\/p><h3 style=\"text-align: center;\" data-start=\"2631\" data-end=\"2668\">Maximale Integrationsf\u00e4higkeit<\/h3><p data-start=\"2669\" data-end=\"2762\">openHAB unterst\u00fctzt eine Vielzahl von <strong data-start=\"2707\" data-end=\"2745\">Standards, Protokollen und Ger\u00e4ten<\/strong>, darunter u. a.:<\/p><ul data-start=\"2763\" data-end=\"2891\"><li data-start=\"2763\" data-end=\"2792\"><p data-start=\"2765\" data-end=\"2792\">MQTT, KNX, Modbus, OPC-UA<\/p><\/li><li data-start=\"2793\" data-end=\"2839\"><p data-start=\"2795\" data-end=\"2839\">REST-APIs, Webhooks, industrielle Sensorik<\/p><\/li><li data-start=\"2840\" data-end=\"2891\"><p data-start=\"2842\" data-end=\"2891\">Hersteller\u00fcbergreifende Aktoren und Steuerungen wie z.B. das beliebte Sortiment von Homematic<\/p><\/li><\/ul><p data-start=\"2893\" data-end=\"3087\">Im Vergleich zu vielen kommerziellen Systemen, die bewusst auf ein eigenes \u00d6kosystem setzen, erm\u00f6glicht openHAB eine <strong data-start=\"3010\" data-end=\"3086\">offene und zukunftssichere Integration bestehender und neuer Komponenten<\/strong>.<\/p><h3 style=\"text-align: center;\" data-start=\"3094\" data-end=\"3143\">Kosteneffiziente, leistungsf\u00e4hige Hardware<\/h3><p data-start=\"3144\" data-end=\"3202\">Der <strong data-start=\"3148\" data-end=\"3164\">Raspberry Pi<\/strong> dient als zentrale Steuerungseinheit:<\/p><ul data-start=\"3203\" data-end=\"3371\"><li data-start=\"3203\" data-end=\"3247\"><p data-start=\"3205\" data-end=\"3247\">Geringe Anschaffungs- und Betriebskosten<\/p><\/li><li data-start=\"3248\" data-end=\"3317\"><p data-start=\"3250\" data-end=\"3317\">Ausreichende Leistung f\u00fcr anspruchsvolle Automatisierungsaufgaben<\/p><\/li><li data-start=\"3318\" data-end=\"3371\"><p data-start=\"3320\" data-end=\"3371\">Hohe Verf\u00fcgbarkeit und gro\u00dfe Entwickler-Community<\/p><\/li><\/ul><p data-start=\"3373\" data-end=\"3532\">Damit lassen sich sowohl <strong data-start=\"3398\" data-end=\"3412\">Prototypen<\/strong> als auch <strong data-start=\"3422\" data-end=\"3444\">produktive Systeme<\/strong> wirtschaftlich realisieren \u2013 ein klarer Vorteil gegen\u00fcber propriet\u00e4ren Steuerzentralen.<\/p>\t\t\t\t\t\t\t\t<\/div>\n\t\t\t\t<\/div>\n\t\t\t\t<div class=\"elementor-element elementor-element-f8de892 elementor-invisible elementor-widget elementor-widget-text-editor\" data-id=\"f8de892\" data-element_type=\"widget\" data-settings=\"{&quot;_animation&quot;:&quot;slideInUp&quot;}\" data-widget_type=\"text-editor.default\">\n\t\t\t\t<div class=\"elementor-widget-container\">\n\t\t\t\t\t\t\t\t\t<h2 style=\"text-align: center;\" data-start=\"4228\" data-end=\"4635\"><strong>Fazit<\/strong><\/h2><p data-start=\"4228\" data-end=\"4635\">Mit <strong data-start=\"4232\" data-end=\"4262\">Smart Factory \/ Smart Home<\/strong> kann man eine <strong data-start=\"4279\" data-end=\"4333\">offene, leistungsstarke und nachhaltige IoT-L\u00f6sung<\/strong> aufbauen, die sich deutlich von kommerziellen und eingeschr\u00e4nkt offenen Systemen abhebt.<br data-start=\"4413\" data-end=\"4416\" \/><strong data-start=\"4416\" data-end=\"4427\">openHAB<\/strong>, kombiniert mit <strong data-start=\"4444\" data-end=\"4469\">Raspberry-Pi-Hardware<\/strong>, schafft eine flexible Automatisierungsplattform, die <strong data-start=\"4524\" data-end=\"4540\">Kosten senkt<\/strong>, <strong data-start=\"4542\" data-end=\"4568\">Unabh\u00e4ngigkeit schafft<\/strong> und sowohl im privaten als auch im industriellen Umfeld \u00fcberzeugt.<\/p>\t\t\t\t\t\t\t\t<\/div>\n\t\t\t\t<\/div>\n\t\t\t\t\t<\/div>\n\t\t\t\t<\/div>\n\t\t<div class=\"elementor-element elementor-element-c723d41 e-grid elementor-hidden-desktop elementor-hidden-tablet e-con-boxed e-con e-parent\" data-id=\"c723d41\" data-element_type=\"container\" data-settings=\"{&quot;background_background&quot;:&quot;classic&quot;}\">\n\t\t\t\t\t<div class=\"e-con-inner\">\n\t\t\t\t<div class=\"elementor-element elementor-element-9ddc895 elementor-invisible elementor-widget elementor-widget-text-editor\" data-id=\"9ddc895\" data-element_type=\"widget\" data-settings=\"{&quot;_animation&quot;:&quot;slideInUp&quot;}\" data-widget_type=\"text-editor.default\">\n\t\t\t\t<div class=\"elementor-widget-container\">\n\t\t\t\t\t\t\t\t\t<h2 style=\"text-align: center;\" data-start=\"1094\" data-end=\"1150\"><strong>Hersteller-unabh\u00e4ngigkeit &amp; Investitionssicherheit<\/strong><\/h2><p style=\"text-align: center;\" data-start=\"1151\" data-end=\"1287\">Im Gegensatz zu vielen kommerziellen Smart-Home-Systemen ist eine Open-Source L\u00f6sung wie openHAB <strong data-start=\"1226\" data-end=\"1284\">nicht an einzelne Anbieter oder Cloud-Dienste gebunden<\/strong>.<\/p><ul style=\"text-align: center;\" data-start=\"1288\" data-end=\"1491\"><li data-start=\"1288\" data-end=\"1321\"><p style=\"text-align: left;\" data-start=\"1290\" data-end=\"1321\">Keine Lizenz- oder Abo-Kosten<\/p><\/li><li style=\"text-align: left;\" data-start=\"1322\" data-end=\"1412\"><p data-start=\"1324\" data-end=\"1412\">Keine Abh\u00e4ngigkeit von Produktzyklen oder Gesch\u00e4ftsentscheidungen einzelner Hersteller<\/p><\/li><li data-start=\"1413\" data-end=\"1491\"><p style=\"text-align: left;\" data-start=\"1415\" data-end=\"1491\">Langfristige Nutzbarkeit und volle Kontrolle \u00fcber die eigene Infrastruktur<\/p><\/li><\/ul><p style=\"text-align: center;\" data-start=\"1493\" data-end=\"1616\">Gerade im industriellen Umfeld ist diese Unabh\u00e4ngigkeit ein entscheidender Faktor f\u00fcr nachhaltige Automatisierung-l\u00f6sungen.<\/p>\t\t\t\t\t\t\t\t<\/div>\n\t\t\t\t<\/div>\n\t\t\t\t<div class=\"elementor-element elementor-element-6f4e8e6 elementor-invisible elementor-widget elementor-widget-text-editor\" data-id=\"6f4e8e6\" data-element_type=\"widget\" data-settings=\"{&quot;_animation&quot;:&quot;slideInUp&quot;}\" data-widget_type=\"text-editor.default\">\n\t\t\t\t<div class=\"elementor-widget-container\">\n\t\t\t\t\t\t\t\t\t<h2 style=\"text-align: center;\" data-start=\"1623\" data-end=\"1657\"><strong>Open Source statt Black Box<\/strong><\/h2><p style=\"text-align: center;\" data-start=\"1658\" data-end=\"1804\">Mit <strong data-start=\"1662\" data-end=\"1673\">openHAB<\/strong> setzt man\u00a0 auf eine <strong data-start=\"1694\" data-end=\"1728\">transparente, offene Plattform<\/strong>, deren Quellcode vollst\u00e4ndig einsehbar und erweiterbar ist.<\/p><p style=\"text-align: center;\" data-start=\"1658\" data-end=\"1804\"><br data-start=\"1788\" data-end=\"1791\" \/>Das bedeutet:<\/p><ul style=\"text-align: center;\" data-start=\"1805\" data-end=\"1977\"><li data-start=\"1805\" data-end=\"1853\"><p data-start=\"1807\" data-end=\"1853\">Volle Anpassbarkeit an individuelle Prozesse<\/p><\/li><li data-start=\"1854\" data-end=\"1907\"><p data-start=\"1856\" data-end=\"1907\">Keine versteckten Funktionen oder Einschr\u00e4nkungen<\/p><\/li><li data-start=\"1908\" data-end=\"1977\"><p data-start=\"1910\" data-end=\"1977\">Sicherheit durch Transparenz statt propriet\u00e4rer Black-Box-Systeme<\/p><\/li><\/ul><p style=\"text-align: center;\" data-start=\"1979\" data-end=\"2144\">Im Vergleich zu anderen Open-Source-L\u00f6sungen \u00fcberzeugt openHAB durch seine <strong data-start=\"2054\" data-end=\"2075\">reife Architektur<\/strong>, die gro\u00dfe Community und den klaren Fokus auf Integrationsf\u00e4higkeit.<\/p>\t\t\t\t\t\t\t\t<\/div>\n\t\t\t\t<\/div>\n\t\t\t\t<div class=\"elementor-element elementor-element-5fc3695 elementor-invisible elementor-widget elementor-widget-text-editor\" data-id=\"5fc3695\" data-element_type=\"widget\" data-settings=\"{&quot;_animation&quot;:&quot;slideInUp&quot;}\" data-widget_type=\"text-editor.default\">\n\t\t\t\t<div class=\"elementor-widget-container\">\n\t\t\t\t\t\t\t\t\t<h2 style=\"text-align: center;\" data-start=\"2151\" data-end=\"2208\"><strong>Einheitliche L\u00f6sung f\u00fcr Smart Home &amp; Smart Factory<\/strong><\/h2><p style=\"text-align: center;\" data-start=\"2209\" data-end=\"2268\">Die gezeigte Architektur ist <strong data-start=\"2232\" data-end=\"2267\">branchen\u00fcbergreifend einsetzbar<\/strong>:<\/p><ul style=\"text-align: center;\" data-start=\"2269\" data-end=\"2445\"><li data-start=\"2269\" data-end=\"2348\"><p style=\"text-align: left;\" data-start=\"2271\" data-end=\"2348\"><strong data-start=\"2271\" data-end=\"2285\">Smart Home<\/strong>: Licht, Heizung, Beschattung, Energie-Management, Sicherheit<\/p><\/li><li data-start=\"2349\" data-end=\"2445\"><p style=\"text-align: left;\" data-start=\"2351\" data-end=\"2445\"><strong data-start=\"2351\" data-end=\"2368\">Smart Factory<\/strong>: Maschinenanbindung, Zustands\u00fcberwachung, Prozesssteuerung, Visualisierung<\/p><\/li><\/ul><p style=\"text-align: center;\" data-start=\"2447\" data-end=\"2624\">Beide Welten nutzen dieselbe technologische Basis \u2013 das reduziert Komplexit\u00e4t und erm\u00f6glicht <strong data-start=\"2540\" data-end=\"2581\">durchg\u00e4ngige Automatisierungskonzepte<\/strong> vom privaten bis zum gewerblichen Einsatz.<\/p><h3 style=\"text-align: center;\" data-start=\"2631\" data-end=\"2668\">Maximale Integrationsf\u00e4higkeit<\/h3><p style=\"text-align: center;\" data-start=\"2669\" data-end=\"2762\">openHAB unterst\u00fctzt eine Vielzahl von <strong data-start=\"2707\" data-end=\"2745\">Standards, Protokollen und Ger\u00e4ten<\/strong>, darunter u. a.:<\/p><ul style=\"text-align: center;\" data-start=\"2763\" data-end=\"2891\"><li data-start=\"2763\" data-end=\"2792\"><p style=\"text-align: left;\" data-start=\"2765\" data-end=\"2792\">MQTT, KNX, Modbus, OPC-UA<\/p><\/li><li style=\"text-align: left;\" data-start=\"2793\" data-end=\"2839\"><p data-start=\"2795\" data-end=\"2839\">REST-APIs, Webhooks, industrielle Sensorik<\/p><\/li><li data-start=\"2840\" data-end=\"2891\"><p style=\"text-align: left;\" data-start=\"2842\" data-end=\"2891\">Hersteller\u00fcbergreifende Aktoren und Steuerungen wie z.B. das beliebte Sortiment von Homematic<\/p><\/li><\/ul><p style=\"text-align: center;\" data-start=\"2893\" data-end=\"3087\">Im Vergleich zu vielen kommerziellen Systemen, die bewusst auf ein eigenes \u00d6kosystem setzen, erm\u00f6glicht openHAB eine <strong data-start=\"3010\" data-end=\"3086\">offene und zukunftssichere Integration bestehender und neuer Komponenten<\/strong>.<\/p><h3 style=\"text-align: center;\" data-start=\"3094\" data-end=\"3143\">Kosteneffiziente, leistungsf\u00e4hige Hardware<\/h3><p style=\"text-align: center;\" data-start=\"3144\" data-end=\"3202\">Der <strong data-start=\"3148\" data-end=\"3164\">Raspberry Pi<\/strong> dient als zentrale Steuerungseinheit:<\/p><ul style=\"text-align: center;\" data-start=\"3203\" data-end=\"3371\"><li data-start=\"3203\" data-end=\"3247\"><p style=\"text-align: left;\" data-start=\"3205\" data-end=\"3247\">Geringe Anschaffungs- und Betriebskosten<\/p><\/li><li style=\"text-align: left;\" data-start=\"3248\" data-end=\"3317\"><p data-start=\"3250\" data-end=\"3317\">Ausreichende Leistung f\u00fcr anspruchsvolle Automatisierungsaufgaben<\/p><\/li><li data-start=\"3318\" data-end=\"3371\"><p style=\"text-align: left;\" data-start=\"3320\" data-end=\"3371\">Hohe Verf\u00fcgbarkeit und gro\u00dfe Entwickler-Community<\/p><\/li><\/ul><p style=\"text-align: center;\" data-start=\"3373\" data-end=\"3532\">Damit lassen sich sowohl <strong data-start=\"3398\" data-end=\"3412\">Prototypen<\/strong> als auch <strong data-start=\"3422\" data-end=\"3444\">produktive Systeme<\/strong> wirtschaftlich realisieren \u2013 ein klarer Vorteil gegen\u00fcber propriet\u00e4ren Steuerzentralen.<\/p>\t\t\t\t\t\t\t\t<\/div>\n\t\t\t\t<\/div>\n\t\t\t\t<div class=\"elementor-element elementor-element-afb1a33 elementor-invisible elementor-widget elementor-widget-text-editor\" data-id=\"afb1a33\" data-element_type=\"widget\" data-settings=\"{&quot;_animation&quot;:&quot;slideInUp&quot;}\" data-widget_type=\"text-editor.default\">\n\t\t\t\t<div class=\"elementor-widget-container\">\n\t\t\t\t\t\t\t\t\t<h2 style=\"text-align: center;\" data-start=\"4228\" data-end=\"4635\"><strong>Fazit<\/strong><\/h2><p style=\"text-align: center;\" data-start=\"4228\" data-end=\"4635\">Mit <strong data-start=\"4232\" data-end=\"4262\">Smart Factory \/ Smart Home<\/strong> kann man eine <strong data-start=\"4279\" data-end=\"4333\">offene, leistungsstarke und nachhaltige IoT-L\u00f6sung<\/strong> aufbauen, die sich deutlich von kommerziellen und eingeschr\u00e4nkt offenen Systemen abhebt.<br data-start=\"4413\" data-end=\"4416\" \/><strong data-start=\"4416\" data-end=\"4427\">openHAB<\/strong>, kombiniert mit <strong data-start=\"4444\" data-end=\"4469\">Raspberry-Pi-Hardware<\/strong>, schafft eine flexible Automatisierungsplattform, die <strong data-start=\"4524\" data-end=\"4540\">Kosten senkt<\/strong>, <strong data-start=\"4542\" data-end=\"4568\">Unabh\u00e4ngigkeit schafft<\/strong> und sowohl im privaten als auch im industriellen Umfeld \u00fcberzeugt.<\/p>\t\t\t\t\t\t\t\t<\/div>\n\t\t\t\t<\/div>\n\t\t\t\t\t<\/div>\n\t\t\t\t<\/div>\n\t\t\t\t<\/div>\n\t\t","protected":false},"excerpt":{"rendered":"<p>Smart Factory\/Smart Home Smart Factory\/Smart Home Smart Factory \/ Smart Home verbindet moderne IoT-Technologien mit offener Software, um Prozesssteuerung und [&hellip;]<\/p>\n","protected":false},"author":1,"featured_media":0,"parent":0,"menu_order":0,"comment_status":"closed","ping_status":"closed","template":"","meta":{"_seopress_robots_primary_cat":"","_seopress_titles_title":"","_seopress_titles_desc":"","_seopress_robots_index":"","footnotes":""},"class_list":["post-4837","page","type-page","status-publish","hentry","post"],"_links":{"self":[{"href":"https:\/\/converge-it.de\/de_de\/wp-json\/wp\/v2\/pages\/4837","targetHints":{"allow":["GET"]}}],"collection":[{"href":"https:\/\/converge-it.de\/de_de\/wp-json\/wp\/v2\/pages"}],"about":[{"href":"https:\/\/converge-it.de\/de_de\/wp-json\/wp\/v2\/types\/page"}],"author":[{"embeddable":true,"href":"https:\/\/converge-it.de\/de_de\/wp-json\/wp\/v2\/users\/1"}],"replies":[{"embeddable":true,"href":"https:\/\/converge-it.de\/de_de\/wp-json\/wp\/v2\/comments?post=4837"}],"version-history":[{"count":34,"href":"https:\/\/converge-it.de\/de_de\/wp-json\/wp\/v2\/pages\/4837\/revisions"}],"predecessor-version":[{"id":5331,"href":"https:\/\/converge-it.de\/de_de\/wp-json\/wp\/v2\/pages\/4837\/revisions\/5331"}],"wp:attachment":[{"href":"https:\/\/converge-it.de\/de_de\/wp-json\/wp\/v2\/media?parent=4837"}],"curies":[{"name":"wp","href":"https:\/\/api.w.org\/{rel}","templated":true}]}}