{"id":4813,"date":"2025-12-20T07:04:58","date_gmt":"2025-12-20T07:04:58","guid":{"rendered":"https:\/\/convergeit.live-website.com\/?page_id=4813"},"modified":"2025-12-24T04:18:14","modified_gmt":"2025-12-24T04:18:14","slug":"geschaeftsanwendungen","status":"publish","type":"page","link":"https:\/\/converge-it.de\/de_de\/geschaeftsanwendungen\/","title":{"rendered":"Open-Source Gesch\u00e4ftsanwendungen"},"content":{"rendered":"\t\t<div data-elementor-type=\"wp-page\" data-elementor-id=\"4813\" class=\"elementor elementor-4813\" data-elementor-post-type=\"page\">\n\t\t\t\t<div class=\"elementor-element elementor-element-ddf7da6 elementor-hidden-mobile e-flex e-con-boxed e-con e-parent\" data-id=\"ddf7da6\" data-element_type=\"container\" data-settings=\"{&quot;background_background&quot;:&quot;classic&quot;}\">\n\t\t\t\t\t<div class=\"e-con-inner\">\n\t\t\t\t<div class=\"elementor-element elementor-element-17277a4 elementor-widget elementor-widget-heading\" data-id=\"17277a4\" data-element_type=\"widget\" data-widget_type=\"heading.default\">\n\t\t\t\t<div class=\"elementor-widget-container\">\n\t\t\t\t\t<h1 class=\"elementor-heading-title elementor-size-default\">Open-Source-Gesch\u00e4ftsanwendungen als strategischer Vorteil auf Basis von Limbas<\/h1>\t\t\t\t<\/div>\n\t\t\t\t<\/div>\n\t\t\t\t\t<\/div>\n\t\t\t\t<\/div>\n\t\t<div class=\"elementor-element elementor-element-181eacd e-flex e-con-boxed e-con e-parent\" data-id=\"181eacd\" data-element_type=\"container\" data-settings=\"{&quot;background_background&quot;:&quot;classic&quot;}\">\n\t\t\t\t\t<div class=\"e-con-inner\">\n\t\t\t\t<div class=\"elementor-element elementor-element-6e5c04a elementor-hidden-desktop elementor-hidden-tablet elementor-widget elementor-widget-heading\" data-id=\"6e5c04a\" data-element_type=\"widget\" data-widget_type=\"heading.default\">\n\t\t\t\t<div class=\"elementor-widget-container\">\n\t\t\t\t\t<h1 class=\"elementor-heading-title elementor-size-default\">Open-Source-Gesch\u00e4ftsanwendungen als strategischer Vorteil auf Basis von Limbas<\/h1>\t\t\t\t<\/div>\n\t\t\t\t<\/div>\n\t\t\t\t\t<\/div>\n\t\t\t\t<\/div>\n\t\t<div class=\"elementor-element elementor-element-dde5b23 elementor-hidden-tablet elementor-hidden-mobile e-flex e-con-boxed elementor-invisible e-con e-parent\" data-id=\"dde5b23\" data-element_type=\"container\" data-settings=\"{&quot;background_background&quot;:&quot;classic&quot;,&quot;animation&quot;:&quot;slideInUp&quot;}\">\n\t\t\t\t\t<div class=\"e-con-inner\">\n\t\t<div class=\"elementor-element elementor-element-e33ae4c e-grid e-con-full e-con e-child\" data-id=\"e33ae4c\" data-element_type=\"container\">\n\t\t\t\t<div class=\"elementor-element elementor-element-1eb76c1 elementor-widget elementor-widget-image\" data-id=\"1eb76c1\" data-element_type=\"widget\" data-widget_type=\"image.default\">\n\t\t\t\t<div class=\"elementor-widget-container\">\n\t\t\t\t\t\t\t\t\t\t\t\t\t\t\t\t<a href=\"https:\/\/limbas.com\/de\">\n\t\t\t\t\t\t\t<img alt=\"\" fetchpriority=\"high\" decoding=\"async\" width=\"720\" height=\"302\" src=\"https:\/\/converge-it.de\/wp-content\/uploads\/2025\/12\/Pyramide_07-21-1024x430.png\" class=\"attachment-large size-large wp-image-5274\" alt=\"\" srcset=\"https:\/\/converge-it.de\/wp-content\/uploads\/2025\/12\/Pyramide_07-21-1024x430.png 1024w, https:\/\/converge-it.de\/wp-content\/uploads\/2025\/12\/Pyramide_07-21-300x126.png 300w, https:\/\/converge-it.de\/wp-content\/uploads\/2025\/12\/Pyramide_07-21-768x323.png 768w, https:\/\/converge-it.de\/wp-content\/uploads\/2025\/12\/Pyramide_07-21.png 1057w\" sizes=\"(max-width: 720px) 100vw, 720px\" \/>\t\t\t\t\t\t\t\t<\/a>\n\t\t\t\t\t\t\t\t\t\t\t\t\t\t\t<\/div>\n\t\t\t\t<\/div>\n\t\t\t\t<div class=\"elementor-element elementor-element-5df82b4 elementor-widget elementor-widget-text-editor\" data-id=\"5df82b4\" data-element_type=\"widget\" data-widget_type=\"text-editor.default\">\n\t\t\t\t<div class=\"elementor-widget-container\">\n\t\t\t\t\t\t\t\t\t<p data-start=\"570\" data-end=\"1142\">In der heutigen Unternehmenslandschaft stehen Organisationen vor der Herausforderung, ihre Gesch\u00e4ftsprozesse digital, effizient und gleichzeitig zukunftssicher abzubilden. Open-Source-basierte Gesch\u00e4ftsanwendungen bieten hierf\u00fcr eine leistungsf\u00e4hige Alternative zu klassischen propriet\u00e4ren Systemen.<\/p><p data-start=\"570\" data-end=\"1142\"><br data-start=\"869\" data-end=\"872\" \/><strong>Limbas<\/strong> ist ein etabliertes Open-Source-ERP-System und zugleich ein umfassendes Web-Development-Framework, mit dem sich sowohl integrierte Unternehmensl\u00f6sungen als auch individuelle Webapplikationen realisieren lassen \u2013 weit \u00fcber den klassischen ERP-Kontext hinaus.<\/p>\t\t\t\t\t\t\t\t<\/div>\n\t\t\t\t<\/div>\n\t\t\t\t<\/div>\n\t\t\t\t\t<\/div>\n\t\t\t\t<\/div>\n\t\t<div class=\"elementor-element elementor-element-3de2cf8 elementor-hidden-desktop e-flex e-con-boxed elementor-invisible e-con e-parent\" data-id=\"3de2cf8\" data-element_type=\"container\" data-settings=\"{&quot;background_background&quot;:&quot;classic&quot;,&quot;animation&quot;:&quot;slideInUp&quot;}\">\n\t\t\t\t\t<div class=\"e-con-inner\">\n\t\t<div class=\"elementor-element elementor-element-6f44c97 e-grid e-con-full e-con e-child\" data-id=\"6f44c97\" data-element_type=\"container\">\n\t\t\t\t<div class=\"elementor-element elementor-element-f858755 elementor-widget elementor-widget-image\" data-id=\"f858755\" data-element_type=\"widget\" data-widget_type=\"image.default\">\n\t\t\t\t<div class=\"elementor-widget-container\">\n\t\t\t\t\t\t\t\t\t\t\t\t\t\t\t\t<a href=\"https:\/\/limbas.com\/de\">\n\t\t\t\t\t\t\t<img alt=\"\" fetchpriority=\"high\" decoding=\"async\" width=\"720\" height=\"302\" src=\"https:\/\/converge-it.de\/wp-content\/uploads\/2025\/12\/Pyramide_07-21-1024x430.png\" class=\"attachment-large size-large wp-image-5274\" alt=\"\" srcset=\"https:\/\/converge-it.de\/wp-content\/uploads\/2025\/12\/Pyramide_07-21-1024x430.png 1024w, https:\/\/converge-it.de\/wp-content\/uploads\/2025\/12\/Pyramide_07-21-300x126.png 300w, https:\/\/converge-it.de\/wp-content\/uploads\/2025\/12\/Pyramide_07-21-768x323.png 768w, https:\/\/converge-it.de\/wp-content\/uploads\/2025\/12\/Pyramide_07-21.png 1057w\" sizes=\"(max-width: 720px) 100vw, 720px\" \/>\t\t\t\t\t\t\t\t<\/a>\n\t\t\t\t\t\t\t\t\t\t\t\t\t\t\t<\/div>\n\t\t\t\t<\/div>\n\t\t\t\t<div class=\"elementor-element elementor-element-f28fd2c elementor-widget elementor-widget-text-editor\" data-id=\"f28fd2c\" data-element_type=\"widget\" data-widget_type=\"text-editor.default\">\n\t\t\t\t<div class=\"elementor-widget-container\">\n\t\t\t\t\t\t\t\t\t<p style=\"text-align: center;\" data-start=\"570\" data-end=\"1142\">In der heutigen Unternehmenslandschaft stehen Organisationen vor der Herausforderung, ihre Gesch\u00e4ftsprozesse digital, effizient und gleichzeitig zukunftssicher abzubilden. Open-Source-basierte Gesch\u00e4ftsanwendungen bieten hierf\u00fcr eine leistungsf\u00e4hige Alternative zu klassischen propriet\u00e4ren Systemen.<\/p><p style=\"text-align: center;\" data-start=\"570\" data-end=\"1142\"><br data-start=\"869\" data-end=\"872\" \/><strong>Limbas<\/strong> ist ein etabliertes Open-Source-ERP-System und zugleich ein umfassendes Web-Development-Framework, mit dem sich sowohl integrierte Unternehmensl\u00f6sungen als auch individuelle Webapplikationen realisieren lassen \u2013 weit \u00fcber den klassischen ERP-Kontext hinaus.<\/p>\t\t\t\t\t\t\t\t<\/div>\n\t\t\t\t<\/div>\n\t\t\t\t<\/div>\n\t\t\t\t\t<\/div>\n\t\t\t\t<\/div>\n\t\t<div class=\"elementor-element elementor-element-031bd79 e-grid elementor-hidden-mobile e-con-boxed e-con e-parent\" data-id=\"031bd79\" data-element_type=\"container\" data-settings=\"{&quot;background_background&quot;:&quot;classic&quot;}\">\n\t\t\t\t\t<div class=\"e-con-inner\">\n\t\t\t\t<div class=\"elementor-element elementor-element-cce4909 elementor-invisible elementor-widget elementor-widget-text-editor\" data-id=\"cce4909\" data-element_type=\"widget\" data-settings=\"{&quot;_animation&quot;:&quot;slideInUp&quot;}\" data-widget_type=\"text-editor.default\">\n\t\t\t\t<div class=\"elementor-widget-container\">\n\t\t\t\t\t\t\t\t\t<h2 style=\"text-align: center;\" data-start=\"1278\" data-end=\"1329\"><strong>Wirtschaftlichkeit &amp; Hersteller-unabh\u00e4ngigkeit<\/strong><\/h2><p data-start=\"1331\" data-end=\"1637\"><strong data-start=\"1331\" data-end=\"1370\">Keine Lizenzkosten, volle Kontrolle<\/strong><br data-start=\"1370\" data-end=\"1373\" \/>Open-Source-Software wie <strong>Limbas<\/strong> wird unter der Apache License 2.0 ver\u00f6ffentlicht und ist vollst\u00e4ndig lizenzkostenfrei nutzbar. Unternehmen vermeiden dadurch hohe Anschaffungs-, Nutzer- oder Wartungsgeb\u00fchren, wie sie bei propriet\u00e4ren ERP-Systemen \u00fcblich sind.<\/p><p data-start=\"1639\" data-end=\"1966\"><strong data-start=\"1639\" data-end=\"1678\">Langfristige Investitionssicherheit<\/strong><br data-start=\"1678\" data-end=\"1681\" \/>Da der Quellcode offenliegt, bleiben Unternehmen unabh\u00e4ngig von einzelnen Herstellern oder Dienstleistern. Eigene Erweiterungen, Produkte oder Services k\u00f6nnen ohne rechtliche Einschr\u00e4nkungen entwickelt und vermarktet werden \u2013 ein entscheidender Vorteil f\u00fcr innovative Gesch\u00e4ftsmodelle.<\/p>\t\t\t\t\t\t\t\t<\/div>\n\t\t\t\t<\/div>\n\t\t\t\t<div class=\"elementor-element elementor-element-ba12883 elementor-invisible elementor-widget elementor-widget-text-editor\" data-id=\"ba12883\" data-element_type=\"widget\" data-settings=\"{&quot;_animation&quot;:&quot;slideInUp&quot;}\" data-widget_type=\"text-editor.default\">\n\t\t\t\t<div class=\"elementor-widget-container\">\n\t\t\t\t\t\t\t\t\t<h2 style=\"text-align: center;\" data-start=\"1973\" data-end=\"2019\"><strong>Modularit\u00e4t &amp; individuelle Anpassbarkeit<\/strong><\/h2><p data-start=\"2021\" data-end=\"2315\"><strong data-start=\"2021\" data-end=\"2063\">Nur nutzen, was wirklich ben\u00f6tigt wird<\/strong><br data-start=\"2063\" data-end=\"2066\" \/><strong>Limbas<\/strong> verf\u00fcgt \u00fcber eine modulare Architektur. Unternehmen k\u00f6nnen gezielt die Funktionalit\u00e4ten aktivieren, die ihren aktuellen Anforderungen entsprechen \u2013 von Warenwirtschaft und Finanzbuchhaltung \u00fcber Produktion und CRM bis hin zu E-Commerce.<\/p><p data-start=\"2317\" data-end=\"2605\"><strong data-start=\"2317\" data-end=\"2369\">Ma\u00dfgeschneiderte Prozesse statt Standardsoftware<\/strong><br data-start=\"2369\" data-end=\"2372\" \/>Durch den offenen Quellcode lassen sich Gesch\u00e4ftslogiken, Datenmodelle und Benutzeroberfl\u00e4chen individuell anpassen. Spezifische Anforderungen k\u00f6nnen direkt im System umgesetzt werden \u2013 ohne Kompromisse durch starre Standardprozesse.<\/p><p data-start=\"2607\" data-end=\"2751\">Erg\u00e4nzend bieten L\u00f6sungen wie die <em data-start=\"2641\" data-end=\"2656\">Grafana oder MediaWiki<\/em> einen bew\u00e4hrten Best-Practice-Software-Stack, der <strong>Limbas<\/strong> \u00fcber Plugins gezielt erweitert.<\/p>\t\t\t\t\t\t\t\t<\/div>\n\t\t\t\t<\/div>\n\t\t\t\t<div class=\"elementor-element elementor-element-a2d34fd elementor-invisible elementor-widget elementor-widget-text-editor\" data-id=\"a2d34fd\" data-element_type=\"widget\" data-settings=\"{&quot;_animation&quot;:&quot;slideInUp&quot;}\" data-widget_type=\"text-editor.default\">\n\t\t\t\t<div class=\"elementor-widget-container\">\n\t\t\t\t\t\t\t\t\t<h2 style=\"text-align: center;\" data-start=\"2758\" data-end=\"2808\"><strong>Skalierbarkeit &amp; technologische Flexibilit\u00e4t<\/strong><\/h2><p data-start=\"2810\" data-end=\"3055\"><strong data-start=\"2810\" data-end=\"2841\">Mit dem Unternehmen wachsen<\/strong><br data-start=\"2841\" data-end=\"2844\" \/>Open-Source-Gesch\u00e4ftsanwendungen sind nicht auf eine Unternehmensgr\u00f6\u00dfe beschr\u00e4nkt. <strong>Limbas<\/strong> eignet sich sowohl f\u00fcr kleine und mittelst\u00e4ndische Unternehmen als auch f\u00fcr international agierende Organisationen.<\/p><p><strong>Integrationsf\u00e4higkeit &amp; Offenheit<\/strong><\/p><p>Nahtlose Anbindung bestehender Systeme Open-Source-Gesch\u00e4ftsanwendungen sind auf Integration ausgelegt. <strong>Limbas\u00a0<\/strong> unterst\u00fctzt u. a. REST- und SOAP-Webservices und l\u00e4sst sich problemlos mit bestehenden ERP-, CRM- oder Buchhaltungssystemen verbinden.<\/p><p>Besonders bei der Entwicklung zentraler Service- oder Kundenportale spielt diese Offenheit ihre St\u00e4rken aus<\/p><p data-start=\"5322\" data-end=\"5358\"><strong>Sicherheit &amp; Zugriffskontrolle<\/strong><\/p><p data-start=\"5360\" data-end=\"5555\">Rollenbasierte Zugriffskontrollen, verschl\u00fcsselte Daten\u00fcbertragungen und flexible Sicherheitsrichtlinien sorgen f\u00fcr den Schutz sensibler Unternehmensdaten.<\/p><p data-start=\"5557\" data-end=\"5708\">Sicherheitsmechanismen sind durch die Quelloffenheit jederzeit nachvollziehbar\u00a0 und \u00fcberpr\u00fcfbar \u2013 ein oft untersch\u00e4tzter Vorteil von Open Source.<\/p>\t\t\t\t\t\t\t\t<\/div>\n\t\t\t\t<\/div>\n\t\t\t\t<div class=\"elementor-element elementor-element-f8de892 elementor-invisible elementor-widget elementor-widget-text-editor\" data-id=\"f8de892\" data-element_type=\"widget\" data-settings=\"{&quot;_animation&quot;:&quot;slideInUp&quot;}\" data-widget_type=\"text-editor.default\">\n\t\t\t\t<div class=\"elementor-widget-container\">\n\t\t\t\t\t\t\t\t\t<h2 class=\"elementor-heading-title elementor-size-default elementor-inline-editing pen\" style=\"text-align: center;\" contenteditable=\"true\" data-elementor-setting-key=\"title\" data-pen-placeholder=\"Eingabe hier...\"><strong>\u00a0 \u00a0Fazit:Open Source als Fundament moderner Unternehmens-software<\/strong><\/h2><p data-start=\"6234\" data-end=\"6487\">Gesch\u00e4ftsanwendungen auf Open-Source-Basis bieten Unternehmen ein hohes Ma\u00df an Flexibilit\u00e4t, Kosteneffizienz und Zukunftssicherheit. <strong>Limbas<\/strong> steht exemplarisch f\u00fcr diesen Ansatz: leistungsstark, skalierbar und frei von Herstellerabh\u00e4ngigkeiten.<\/p><p data-start=\"6489\" data-end=\"6690\" data-is-last-node=\"\" data-is-only-node=\"\">F\u00fcr Unternehmen, die ihre Prozesse nicht nur digitalisieren, sondern strategisch weiterentwickeln m\u00f6chten, ist <strong>Limbas<\/strong> eine \u00fcberzeugende und nachhaltige L\u00f6sung \u2013 unabh\u00e4ngig von Gr\u00f6\u00dfe oder Branche.<\/p>\t\t\t\t\t\t\t\t<\/div>\n\t\t\t\t<\/div>\n\t\t\t\t\t<\/div>\n\t\t\t\t<\/div>\n\t\t<div class=\"elementor-element elementor-element-9c31ea2 e-grid elementor-hidden-desktop elementor-hidden-tablet e-con-boxed e-con e-parent\" data-id=\"9c31ea2\" data-element_type=\"container\" data-settings=\"{&quot;background_background&quot;:&quot;classic&quot;}\">\n\t\t\t\t\t<div class=\"e-con-inner\">\n\t\t\t\t<div class=\"elementor-element elementor-element-9392eaf elementor-invisible elementor-widget elementor-widget-text-editor\" data-id=\"9392eaf\" data-element_type=\"widget\" data-settings=\"{&quot;_animation&quot;:&quot;slideInUp&quot;}\" data-widget_type=\"text-editor.default\">\n\t\t\t\t<div class=\"elementor-widget-container\">\n\t\t\t\t\t\t\t\t\t<h2 style=\"text-align: center;\" data-start=\"1278\" data-end=\"1329\"><strong>Wirtschaftlichkeit &amp; Hersteller-unabh\u00e4ngigkeit<\/strong><\/h2><p style=\"text-align: center;\" data-start=\"1331\" data-end=\"1637\"><strong data-start=\"1331\" data-end=\"1370\">Keine Lizenzkosten, volle Kontrolle<\/strong><br data-start=\"1370\" data-end=\"1373\" \/>Open-Source-Software wie <strong>Limbas<\/strong> wird unter der Apache License 2.0 ver\u00f6ffentlicht und ist vollst\u00e4ndig lizenzkostenfrei nutzbar. Unternehmen vermeiden dadurch hohe Anschaffungs-, Nutzer- oder Wartungsgeb\u00fchren, wie sie bei propriet\u00e4ren ERP-Systemen \u00fcblich sind.<\/p><p style=\"text-align: center;\" data-start=\"1639\" data-end=\"1966\"><strong data-start=\"1639\" data-end=\"1678\">Langfristige Investitionssicherheit<\/strong><br data-start=\"1678\" data-end=\"1681\" \/>Da der Quellcode offenliegt, bleiben Unternehmen unabh\u00e4ngig von einzelnen Herstellern oder Dienstleistern. Eigene Erweiterungen, Produkte oder Services k\u00f6nnen ohne rechtliche Einschr\u00e4nkungen entwickelt und vermarktet werden \u2013 ein entscheidender Vorteil f\u00fcr innovative Gesch\u00e4ftsmodelle.<\/p>\t\t\t\t\t\t\t\t<\/div>\n\t\t\t\t<\/div>\n\t\t\t\t<div class=\"elementor-element elementor-element-28e2c04 elementor-invisible elementor-widget elementor-widget-text-editor\" data-id=\"28e2c04\" data-element_type=\"widget\" data-settings=\"{&quot;_animation&quot;:&quot;slideInUp&quot;}\" data-widget_type=\"text-editor.default\">\n\t\t\t\t<div class=\"elementor-widget-container\">\n\t\t\t\t\t\t\t\t\t<h2 style=\"text-align: center;\" data-start=\"1973\" data-end=\"2019\"><strong>Modularit\u00e4t &amp; individuelle Anpassbarkeit<\/strong><\/h2><p style=\"text-align: center;\" data-start=\"2021\" data-end=\"2315\"><strong data-start=\"2021\" data-end=\"2063\">Nur nutzen, was wirklich ben\u00f6tigt wird<\/strong><br data-start=\"2063\" data-end=\"2066\" \/><strong>Limbas<\/strong> verf\u00fcgt \u00fcber eine modulare Architektur. Unternehmen k\u00f6nnen gezielt die Funktionalit\u00e4ten aktivieren, die ihren aktuellen Anforderungen entsprechen \u2013 von Warenwirtschaft und Finanzbuchhaltung \u00fcber Produktion und CRM bis hin zu E-Commerce.<\/p><p style=\"text-align: center;\" data-start=\"2317\" data-end=\"2605\"><strong data-start=\"2317\" data-end=\"2369\">Ma\u00dfgeschneiderte Prozesse statt Standardsoftware<\/strong><br data-start=\"2369\" data-end=\"2372\" \/>Durch den offenen Quellcode lassen sich Gesch\u00e4ftslogiken, Datenmodelle und Benutzeroberfl\u00e4chen individuell anpassen. Spezifische Anforderungen k\u00f6nnen direkt im System umgesetzt werden \u2013 ohne Kompromisse durch starre Standardprozesse.<\/p><p style=\"text-align: center;\" data-start=\"2607\" data-end=\"2751\">Erg\u00e4nzend bieten L\u00f6sungen wie die <em data-start=\"2641\" data-end=\"2656\">Grafana oder MediaWiki<\/em> einen bew\u00e4hrten Best-Practice-Software-Stack, der <strong>Limbas<\/strong> \u00fcber Plugins gezielt erweitert.<\/p>\t\t\t\t\t\t\t\t<\/div>\n\t\t\t\t<\/div>\n\t\t\t\t<div class=\"elementor-element elementor-element-b38e361 elementor-invisible elementor-widget elementor-widget-text-editor\" data-id=\"b38e361\" data-element_type=\"widget\" data-settings=\"{&quot;_animation&quot;:&quot;slideInUp&quot;}\" data-widget_type=\"text-editor.default\">\n\t\t\t\t<div class=\"elementor-widget-container\">\n\t\t\t\t\t\t\t\t\t<h2 style=\"text-align: center;\" data-start=\"2758\" data-end=\"2808\"><strong>Skalierbarkeit &amp; technologische Flexibilit\u00e4t<\/strong><\/h2><p style=\"text-align: center;\" data-start=\"2810\" data-end=\"3055\"><strong data-start=\"2810\" data-end=\"2841\">Mit dem Unternehmen wachsen<\/strong><br data-start=\"2841\" data-end=\"2844\" \/>Open-Source-Gesch\u00e4ftsanwendungen sind nicht auf eine Unternehmensgr\u00f6\u00dfe beschr\u00e4nkt. <strong>Limbas<\/strong> eignet sich sowohl f\u00fcr kleine und mittelst\u00e4ndische Unternehmen als auch f\u00fcr international agierende Organisationen.<\/p><p style=\"text-align: center;\"><strong>Integrationsf\u00e4higkeit &amp; Offenheit<\/strong><\/p><p style=\"text-align: center;\">Nahtlose Anbindung bestehender Systeme Open-Source-Gesch\u00e4ftsanwendungen sind auf Integration ausgelegt. <strong>Limbas\u00a0<\/strong> unterst\u00fctzt u. a. REST- und SOAP-Webservices und l\u00e4sst sich problemlos mit bestehenden ERP-, CRM- oder Buchhaltungssystemen verbinden.<\/p><p style=\"text-align: center;\">Besonders bei der Entwicklung zentraler Service- oder Kundenportale spielt diese Offenheit ihre St\u00e4rken aus<\/p><p style=\"text-align: center;\" data-start=\"5322\" data-end=\"5358\"><strong>Sicherheit &amp; Zugriffskontrolle<\/strong><\/p><p style=\"text-align: center;\" data-start=\"5360\" data-end=\"5555\">Rollenbasierte Zugriffskontrollen, verschl\u00fcsselte Daten\u00fcbertragungen und flexible Sicherheitsrichtlinien sorgen f\u00fcr den Schutz sensibler Unternehmensdaten.<\/p><p style=\"text-align: center;\" data-start=\"5557\" data-end=\"5708\">Sicherheitsmechanismen sind durch die Quelloffenheit jederzeit nachvollziehbar\u00a0 und \u00fcberpr\u00fcfbar \u2013 ein oft untersch\u00e4tzter Vorteil von Open Source.<\/p>\t\t\t\t\t\t\t\t<\/div>\n\t\t\t\t<\/div>\n\t\t\t\t<div class=\"elementor-element elementor-element-99294a0 elementor-invisible elementor-widget elementor-widget-text-editor\" data-id=\"99294a0\" data-element_type=\"widget\" data-settings=\"{&quot;_animation&quot;:&quot;slideInUp&quot;}\" data-widget_type=\"text-editor.default\">\n\t\t\t\t<div class=\"elementor-widget-container\">\n\t\t\t\t\t\t\t\t\t<h2 class=\"elementor-heading-title elementor-size-default elementor-inline-editing pen\" style=\"text-align: center;\" contenteditable=\"true\" data-elementor-setting-key=\"title\" data-pen-placeholder=\"Eingabe hier...\"><strong>\u00a0 \u00a0Fazit:Open Source als Fundament moderner Unternehmens-software<\/strong><\/h2><p style=\"text-align: center;\" data-start=\"6234\" data-end=\"6487\">Gesch\u00e4ftsanwendungen auf Open-Source-Basis bieten Unternehmen ein hohes Ma\u00df an Flexibilit\u00e4t, Kosteneffizienz und Zukunftssicherheit. <strong>Limbas<\/strong> steht exemplarisch f\u00fcr diesen Ansatz: leistungsstark, skalierbar und frei von Herstellerabh\u00e4ngigkeiten.<\/p><p style=\"text-align: center;\" data-start=\"6489\" data-end=\"6690\" data-is-last-node=\"\" data-is-only-node=\"\">F\u00fcr Unternehmen, die ihre Prozesse nicht nur digitalisieren, sondern strategisch weiterentwickeln m\u00f6chten, ist <strong>Limbas<\/strong> eine \u00fcberzeugende und nachhaltige L\u00f6sung \u2013 unabh\u00e4ngig von Gr\u00f6\u00dfe oder Branche.<\/p>\t\t\t\t\t\t\t\t<\/div>\n\t\t\t\t<\/div>\n\t\t\t\t\t<\/div>\n\t\t\t\t<\/div>\n\t\t\t\t<\/div>\n\t\t","protected":false},"excerpt":{"rendered":"<p>Open-Source-Gesch\u00e4ftsanwendungen als strategischer Vorteil auf Basis von Limbas Open-Source-Gesch\u00e4ftsanwendungen als strategischer Vorteil auf Basis von Limbas In der heutigen Unternehmenslandschaft [&hellip;]<\/p>\n","protected":false},"author":1,"featured_media":0,"parent":0,"menu_order":0,"comment_status":"closed","ping_status":"closed","template":"","meta":{"_seopress_robots_primary_cat":"","_seopress_titles_title":"","_seopress_titles_desc":"","_seopress_robots_index":"","footnotes":""},"class_list":["post-4813","page","type-page","status-publish","hentry","post"],"_links":{"self":[{"href":"https:\/\/converge-it.de\/de_de\/wp-json\/wp\/v2\/pages\/4813","targetHints":{"allow":["GET"]}}],"collection":[{"href":"https:\/\/converge-it.de\/de_de\/wp-json\/wp\/v2\/pages"}],"about":[{"href":"https:\/\/converge-it.de\/de_de\/wp-json\/wp\/v2\/types\/page"}],"author":[{"embeddable":true,"href":"https:\/\/converge-it.de\/de_de\/wp-json\/wp\/v2\/users\/1"}],"replies":[{"embeddable":true,"href":"https:\/\/converge-it.de\/de_de\/wp-json\/wp\/v2\/comments?post=4813"}],"version-history":[{"count":59,"href":"https:\/\/converge-it.de\/de_de\/wp-json\/wp\/v2\/pages\/4813\/revisions"}],"predecessor-version":[{"id":5328,"href":"https:\/\/converge-it.de\/de_de\/wp-json\/wp\/v2\/pages\/4813\/revisions\/5328"}],"wp:attachment":[{"href":"https:\/\/converge-it.de\/de_de\/wp-json\/wp\/v2\/media?parent=4813"}],"curies":[{"name":"wp","href":"https:\/\/api.w.org\/{rel}","templated":true}]}}