{"id":4788,"date":"2025-12-20T06:45:57","date_gmt":"2025-12-20T06:45:57","guid":{"rendered":"https:\/\/convergeit.live-website.com\/?page_id=4788"},"modified":"2025-12-23T10:17:38","modified_gmt":"2025-12-23T10:17:38","slug":"prozessautomatisierung","status":"publish","type":"page","link":"https:\/\/converge-it.de\/de_de\/prozessautomatisierung\/","title":{"rendered":"Prozessautomatisierung"},"content":{"rendered":"\t\t<div data-elementor-type=\"wp-page\" data-elementor-id=\"4788\" class=\"elementor elementor-4788\" data-elementor-post-type=\"page\">\n\t\t\t\t<div class=\"elementor-element elementor-element-ddf7da6 elementor-hidden-mobile e-flex e-con-boxed e-con e-parent\" data-id=\"ddf7da6\" data-element_type=\"container\" data-settings=\"{&quot;background_background&quot;:&quot;classic&quot;}\">\n\t\t\t\t\t<div class=\"e-con-inner\">\n\t\t\t\t<div class=\"elementor-element elementor-element-17277a4 elementor-widget elementor-widget-heading\" data-id=\"17277a4\" data-element_type=\"widget\" data-widget_type=\"heading.default\">\n\t\t\t\t<div class=\"elementor-widget-container\">\n\t\t\t\t\t<h1 class=\"elementor-heading-title elementor-size-default\">Prozessautomatisierung<\/h1>\t\t\t\t<\/div>\n\t\t\t\t<\/div>\n\t\t\t\t\t<\/div>\n\t\t\t\t<\/div>\n\t\t<div class=\"elementor-element elementor-element-cb3d2fd elementor-hidden-desktop elementor-hidden-tablet e-flex e-con-boxed e-con e-parent\" data-id=\"cb3d2fd\" data-element_type=\"container\" data-settings=\"{&quot;background_background&quot;:&quot;classic&quot;}\">\n\t\t\t\t\t<div class=\"e-con-inner\">\n\t\t\t\t<div class=\"elementor-element elementor-element-cd72d73 elementor-widget elementor-widget-heading\" data-id=\"cd72d73\" data-element_type=\"widget\" data-widget_type=\"heading.default\">\n\t\t\t\t<div class=\"elementor-widget-container\">\n\t\t\t\t\t<h1 class=\"elementor-heading-title elementor-size-default\">Prozess-automatisierung<\/h1>\t\t\t\t<\/div>\n\t\t\t\t<\/div>\n\t\t\t\t\t<\/div>\n\t\t\t\t<\/div>\n\t\t<div class=\"elementor-element elementor-element-dde5b23 e-flex e-con-boxed elementor-invisible e-con e-parent\" data-id=\"dde5b23\" data-element_type=\"container\" data-settings=\"{&quot;background_background&quot;:&quot;classic&quot;,&quot;animation&quot;:&quot;slideInUp&quot;}\">\n\t\t\t\t\t<div class=\"e-con-inner\">\n\t\t\t\t<div class=\"elementor-element elementor-element-d727222 elementor-invisible elementor-widget elementor-widget-text-editor\" data-id=\"d727222\" data-element_type=\"widget\" data-settings=\"{&quot;_animation&quot;:&quot;slideInUp&quot;}\" data-widget_type=\"text-editor.default\">\n\t\t\t\t<div class=\"elementor-widget-container\">\n\t\t\t\t\t\t\t\t\t<p>Prozessautomatisierung ist der\u00a0Einsatz von Technologie, um wiederkehrende, regelbasierte Aufgaben und Abl\u00e4ufe in Unternehmen zu automatisieren, was die Effizienz steigert, Fehler reduziert und Kosten senkt, indem manuelle Arbeit durch digitale Workflows, Software-Roboter (RPA) oder KI ersetzt wird. Sie wandelt Prozesse in automatisierte Workflows um, um Ziele wie schnellere, fehlerfreie Ausf\u00fchrung zu erreichen und ist in fast allen Unternehmensbereichen anwendbar, von HR bis Produktion<\/p>\t\t\t\t\t\t\t\t<\/div>\n\t\t\t\t<\/div>\n\t\t\t\t\t<\/div>\n\t\t\t\t<\/div>\n\t\t<div class=\"elementor-element elementor-element-031bd79 e-grid elementor-hidden-mobile e-con-boxed e-con e-parent\" data-id=\"031bd79\" data-element_type=\"container\" data-settings=\"{&quot;background_background&quot;:&quot;classic&quot;}\">\n\t\t\t\t\t<div class=\"e-con-inner\">\n\t\t\t\t<div class=\"elementor-element elementor-element-f8de892 elementor-invisible elementor-widget elementor-widget-text-editor\" data-id=\"f8de892\" data-element_type=\"widget\" data-settings=\"{&quot;_animation&quot;:&quot;slideInUp&quot;}\" data-widget_type=\"text-editor.default\">\n\t\t\t\t<div class=\"elementor-widget-container\">\n\t\t\t\t\t\t\t\t\t<h2 style=\"text-align: center;\"><strong>Ziele, Anwendungsf\u00e4lle und Vorgehensweise<\/strong><\/h2><p>Effizienzsteigerung, Kostensenkung, Fehlerreduktion, Mitarbeiter-entlastung z.B. in den Bereichen\u00a0 \u00a0 <span style=\"text-decoration: underline;\">Personalwesen (HR)<\/span> (Onboarding-Prozesse, Antragsbearbeitung), <span style=\"text-decoration: underline;\">Produktion<\/span> (Montage, Verpackung, Qualit\u00e4tskontrolle), <span style=\"text-decoration: underline;\">Kundenservice<\/span> (Automatisierte Antworten, Ticket-Weiterleitung) oder <span style=\"text-decoration: underline;\">Verwaltung<\/span> (Dateneingabe, Rechnungs-verarbeitung)<\/p><p>Der typische Ablauf bei der Einf\u00fchrung einer Prozessautomatisierung ist:<br \/><span style=\"text-decoration: underline;\">Analyse:<\/span> Identifizierung eines wiederkehrenden Prozesses (z.B. Rechnungspr\u00fcfung).<br \/><span style=\"text-decoration: underline;\">Modellierung:<\/span> Zerlegung in einzelne Schritte (Workflow erstellen).<br \/><span style=\"text-decoration: underline;\">Automatisierung:<\/span> Zuweisung der Schritte an digitale Tools (z.B. Formulare auslesen, Daten vergleichen).<br \/><span style=\"text-decoration: underline;\">Ausf\u00fchrung:<\/span> Der Workflow startet automatisch und f\u00fchrt alle Schritte ohne menschliches Eingreifen aus.<\/p>\t\t\t\t\t\t\t\t<\/div>\n\t\t\t\t<\/div>\n\t\t\t\t<div class=\"elementor-element elementor-element-a2d34fd elementor-invisible elementor-widget elementor-widget-text-editor\" data-id=\"a2d34fd\" data-element_type=\"widget\" data-settings=\"{&quot;_animation&quot;:&quot;slideInUp&quot;}\" data-widget_type=\"text-editor.default\">\n\t\t\t\t<div class=\"elementor-widget-container\">\n\t\t\t\t\t\t\t\t\t<h2 style=\"text-align: center;\"><strong><span class=\"T286Pc\" data-sfc-cp=\"\">Technologien\u00a0<\/span><\/strong><\/h2><p>\u00a0<\/p><p><span class=\"T286Pc\" data-sfc-cp=\"\">Prozessautomatisierung nutzt Workflowautomatisierung, KI, maschinelles Lernen und vor allem die Integration mehrerer am Prozess beteiligter Softwareapplikationen.<\/span><\/p>\t\t\t\t\t\t\t\t<\/div>\n\t\t\t\t<\/div>\n\t\t\t\t<div class=\"elementor-element elementor-element-cce4909 elementor-invisible elementor-widget elementor-widget-text-editor\" data-id=\"cce4909\" data-element_type=\"widget\" data-settings=\"{&quot;_animation&quot;:&quot;slideInUp&quot;}\" data-widget_type=\"text-editor.default\">\n\t\t\t\t<div class=\"elementor-widget-container\">\n\t\t\t\t\t\t\t\t\t<h2 style=\"text-align: center;\"><span class=\"T286Pc\" data-sfc-cp=\"\"><strong class=\"Yjhzub\">Automatisierte Workflows<\/strong><\/span><\/h2><p><span class=\"T286Pc\" data-sfc-cp=\"\">Automatisierte Workflows sind digitale Abl\u00e4ufe, die von Software gesteuert werden, um einzelne Schritte zu koordinieren. Dabei kommt es oft zum Tragen, dass gesch\u00e4ftliche oder verwaltungsinterne Prozesse funktional \u00fcber mehrere System hin abgebildet werden, die nicht einheitlich miteinander verbunden sind. Das f\u00fchrt zu Br\u00fcchen im Prozessablauf, Automatisierte Workflows beruhen auf einer &#8217;seamless integration&#8216; aller am Prozess beteiligten digitalen Systeme.<\/span><\/p>\t\t\t\t\t\t\t\t<\/div>\n\t\t\t\t<\/div>\n\t\t\t\t<div class=\"elementor-element elementor-element-ba12883 elementor-invisible elementor-widget elementor-widget-text-editor\" data-id=\"ba12883\" data-element_type=\"widget\" data-settings=\"{&quot;_animation&quot;:&quot;slideInUp&quot;}\" data-widget_type=\"text-editor.default\">\n\t\t\t\t<div class=\"elementor-widget-container\">\n\t\t\t\t\t\t\t\t\t<h2 style=\"text-align: center;\"><strong>Robot Process Automation(RPA)<\/strong><\/h2><p>RPA steht f\u00fcr Software-Roboter die\u00a0 repetitive Aufgaben \u00fcbernehmen k\u00f6nnen, also alles Aufgaben, die vormals manuell erledigt wurden. Sie sind in der Lage, Objekte einer Anwendung zu erkennen und selbst\u00e4ndig ausl\u00f6sen zu k\u00f6nnen. Voraussetzung daf\u00fcr ist eine exakte Prozessmodellierung im Vorfeld und die F\u00e4higkeiten von RPA-L\u00f6sungen, modellierte Prozesse programmatisch ausf\u00fchren zu k\u00f6nnen. <br \/>Dies geschieht auf Basis einer robusten Objekterkennung . Man nutzt Aufzeichnungs- und Wiedergabefunktionen, visuelle Editoren zur Testskripterstellung ohne tiefgehende Programmierkenntnisse einsetzen zu m\u00fcssen.<\/p><p>Folgende Ans\u00e4tze sind typisch f\u00fcr RPA-L\u00f6sungen:<\/p><p><strong>Objekterkennung:<\/strong><\/p><p>Das Herzst\u00fcck , welches UI-Elemente (Schaltfl\u00e4chen, Felder) anhand eindeutiger Attribute identifiziert kann. Dies gew\u00e4hrleistet Stabilit\u00e4t bei \u00c4nderungen an der Benutzeroberfl\u00e4che.<br \/><strong>Aufzeichnung &amp; Skripting<\/strong>: Anwender k\u00f6nnen Aktionen aufzeichnen oder Testschritte visuell zusammenstellen. Es k\u00f6nnen sowohl Module per Drag-and-Drop kombiniert als auch eigener Code geschrieben werden.<br \/><strong>Repository Management:<\/strong> Erkannten UI-Elemente werden in einem Repository gespeichert, wodurch sie zentral verwaltet und bei \u00c4nderungen der Anwendung leicht aktualisiert werden k\u00f6nnen.<\/p>\t\t\t\t\t\t\t\t<\/div>\n\t\t\t\t<\/div>\n\t\t\t\t\t<\/div>\n\t\t\t\t<\/div>\n\t\t<div class=\"elementor-element elementor-element-53c494a e-grid elementor-hidden-desktop elementor-hidden-tablet e-con-boxed e-con e-parent\" data-id=\"53c494a\" data-element_type=\"container\" data-settings=\"{&quot;background_background&quot;:&quot;classic&quot;}\">\n\t\t\t\t\t<div class=\"e-con-inner\">\n\t\t\t\t<div class=\"elementor-element elementor-element-b318d27 elementor-widget elementor-widget-text-editor\" data-id=\"b318d27\" data-element_type=\"widget\" data-settings=\"{&quot;_animation_mobile&quot;:&quot;slideInUp&quot;}\" data-widget_type=\"text-editor.default\">\n\t\t\t\t<div class=\"elementor-widget-container\">\n\t\t\t\t\t\t\t\t\t<h2 style=\"text-align: center;\"><strong>Ziele, Anwendungsf\u00e4lle und Vorgehensweise<\/strong><\/h2><p style=\"text-align: center;\">Effizienzsteigerung, Kostensenkung, Fehlerreduktion, Mitarbeiter-entlastung z.B. in den Bereichen\u00a0 \u00a0 <span style=\"text-decoration: underline;\">Personalwesen (HR)<\/span> (Onboarding-Prozesse, Antragsbearbeitung), <span style=\"text-decoration: underline;\">Produktion<\/span> (Montage, Verpackung, Qualit\u00e4tskontrolle), <span style=\"text-decoration: underline;\">Kundenservice<\/span> (Automatisierte Antworten, Ticket-Weiterleitung) oder <span style=\"text-decoration: underline;\">Verwaltung<\/span> (Dateneingabe, Rechnungs-verarbeitung)<\/p><p style=\"text-align: center;\">Der typische Ablauf bei der Einf\u00fchrung einer Prozessautomatisierung ist:<br \/><span style=\"text-decoration: underline;\">Analyse:<\/span> Identifizierung eines wiederkehrenden Prozesses (z.B. Rechnungspr\u00fcfung).<br \/><span style=\"text-decoration: underline;\">Modellierung:<\/span> Zerlegung in einzelne Schritte (Workflow erstellen).<br \/><span style=\"text-decoration: underline;\">Automatisierung:<\/span> Zuweisung der Schritte an digitale Tools (z.B. Formulare auslesen, Daten vergleichen).<br \/><span style=\"text-decoration: underline;\">Ausf\u00fchrung:<\/span> Der Workflow startet automatisch und f\u00fchrt alle Schritte ohne menschliches Eingreifen aus.<\/p>\t\t\t\t\t\t\t\t<\/div>\n\t\t\t\t<\/div>\n\t\t\t\t<div class=\"elementor-element elementor-element-7750572 elementor-widget elementor-widget-text-editor\" data-id=\"7750572\" data-element_type=\"widget\" data-settings=\"{&quot;_animation_mobile&quot;:&quot;slideInUp&quot;}\" data-widget_type=\"text-editor.default\">\n\t\t\t\t<div class=\"elementor-widget-container\">\n\t\t\t\t\t\t\t\t\t<h2 style=\"text-align: center;\"><strong><span class=\"T286Pc\" data-sfc-cp=\"\">Technologien\u00a0<\/span><\/strong><\/h2><p style=\"text-align: center;\"><span class=\"T286Pc\" data-sfc-cp=\"\">Prozessautomatisierung nutzt Workflowautomatisierung, KI, maschinelles Lernen und vor allem die Integration mehrerer am Prozess beteiligter Softwareapplikationen.<\/span><\/p>\t\t\t\t\t\t\t\t<\/div>\n\t\t\t\t<\/div>\n\t\t\t\t<div class=\"elementor-element elementor-element-1e3a7db elementor-widget elementor-widget-text-editor\" data-id=\"1e3a7db\" data-element_type=\"widget\" data-settings=\"{&quot;_animation_mobile&quot;:&quot;slideInUp&quot;}\" data-widget_type=\"text-editor.default\">\n\t\t\t\t<div class=\"elementor-widget-container\">\n\t\t\t\t\t\t\t\t\t<h2 style=\"text-align: center;\"><span class=\"T286Pc\" data-sfc-cp=\"\"><strong class=\"Yjhzub\">Automatisierte Workflows<\/strong><\/span><\/h2><p style=\"text-align: center;\"><span class=\"T286Pc\" data-sfc-cp=\"\">Automatisierte Workflows sind digitale Abl\u00e4ufe, die von Software gesteuert werden, um einzelne Schritte zu koordinieren. Dabei kommt es oft zum Tragen, dass gesch\u00e4ftliche oder verwaltungsinterne Prozesse funktional \u00fcber mehrere System hin abgebildet werden, die nicht einheitlich miteinander verbunden sind. Das f\u00fchrt zu Br\u00fcchen im Prozessablauf, Automatisierte Workflows beruhen auf einer &#8217;seamless integration&#8216; aller am Prozess beteiligten digitalen Systeme.<\/span><\/p>\t\t\t\t\t\t\t\t<\/div>\n\t\t\t\t<\/div>\n\t\t\t\t<div class=\"elementor-element elementor-element-3a2de0a elementor-widget elementor-widget-text-editor\" data-id=\"3a2de0a\" data-element_type=\"widget\" data-settings=\"{&quot;_animation_mobile&quot;:&quot;slideInUp&quot;}\" data-widget_type=\"text-editor.default\">\n\t\t\t\t<div class=\"elementor-widget-container\">\n\t\t\t\t\t\t\t\t\t<h2 style=\"text-align: center;\"><strong>Robot Process Automation(RPA)<\/strong><\/h2><p style=\"text-align: center;\">RPA steht f\u00fcr Software-Roboter die\u00a0 repetitive Aufgaben \u00fcbernehmen k\u00f6nnen, also alles Aufgaben, die vormals manuell erledigt wurden. Sie sind in der Lage, Objekte einer Anwendung zu erkennen und selbst\u00e4ndig ausl\u00f6sen zu k\u00f6nnen. Voraussetzung daf\u00fcr ist eine exakte Prozessmodellierung im Vorfeld und die F\u00e4higkeiten von RPA-L\u00f6sungen, modellierte Prozesse programmatisch ausf\u00fchren zu k\u00f6nnen. <br \/>Dies geschieht auf Basis einer robusten Objekterkennung . Man nutzt Aufzeichnungs- und Wiedergabefunktionen, visuelle Editoren zur Testskripterstellung ohne tiefgehende Programmierkenntnisse einsetzen zu m\u00fcssen.<\/p><p style=\"text-align: center;\">Folgende Ans\u00e4tze sind typisch f\u00fcr RPA-L\u00f6sungen:<\/p><p style=\"text-align: center;\"><strong>Objekterkennung:<\/strong><\/p><p style=\"text-align: center;\">Das Herzst\u00fcck , welches UI-Elemente (Schaltfl\u00e4chen, Felder) anhand eindeutiger Attribute identifiziert kann. Dies gew\u00e4hrleistet Stabilit\u00e4t bei \u00c4nderungen an der Benutzeroberfl\u00e4che.<br \/><strong>Aufzeichnung &amp; Skripting<\/strong>: Anwender k\u00f6nnen Aktionen aufzeichnen oder Testschritte visuell zusammenstellen. Es k\u00f6nnen sowohl Module per Drag-and-Drop kombiniert als auch eigener Code geschrieben werden.<br \/><strong>Repository Management:<\/strong> Erkannten UI-Elemente werden in einem Repository gespeichert, wodurch sie zentral verwaltet und bei \u00c4nderungen der Anwendung leicht aktualisiert werden k\u00f6nnen.<\/p>\t\t\t\t\t\t\t\t<\/div>\n\t\t\t\t<\/div>\n\t\t\t\t\t<\/div>\n\t\t\t\t<\/div>\n\t\t\t\t<\/div>\n\t\t","protected":false},"excerpt":{"rendered":"<p>Prozessautomatisierung Prozess-automatisierung Prozessautomatisierung ist der\u00a0Einsatz von Technologie, um wiederkehrende, regelbasierte Aufgaben und Abl\u00e4ufe in Unternehmen zu automatisieren, was die Effizienz [&hellip;]<\/p>\n","protected":false},"author":1,"featured_media":0,"parent":0,"menu_order":0,"comment_status":"closed","ping_status":"closed","template":"","meta":{"_seopress_robots_primary_cat":"","_seopress_titles_title":"","_seopress_titles_desc":"","_seopress_robots_index":"","footnotes":""},"class_list":["post-4788","page","type-page","status-publish","hentry","post"],"_links":{"self":[{"href":"https:\/\/converge-it.de\/de_de\/wp-json\/wp\/v2\/pages\/4788","targetHints":{"allow":["GET"]}}],"collection":[{"href":"https:\/\/converge-it.de\/de_de\/wp-json\/wp\/v2\/pages"}],"about":[{"href":"https:\/\/converge-it.de\/de_de\/wp-json\/wp\/v2\/types\/page"}],"author":[{"embeddable":true,"href":"https:\/\/converge-it.de\/de_de\/wp-json\/wp\/v2\/users\/1"}],"replies":[{"embeddable":true,"href":"https:\/\/converge-it.de\/de_de\/wp-json\/wp\/v2\/comments?post=4788"}],"version-history":[{"count":37,"href":"https:\/\/converge-it.de\/de_de\/wp-json\/wp\/v2\/pages\/4788\/revisions"}],"predecessor-version":[{"id":5156,"href":"https:\/\/converge-it.de\/de_de\/wp-json\/wp\/v2\/pages\/4788\/revisions\/5156"}],"wp:attachment":[{"href":"https:\/\/converge-it.de\/de_de\/wp-json\/wp\/v2\/media?parent=4788"}],"curies":[{"name":"wp","href":"https:\/\/api.w.org\/{rel}","templated":true}]}}