{"id":4669,"date":"2025-12-19T15:40:15","date_gmt":"2025-12-19T15:40:15","guid":{"rendered":"https:\/\/convergeit.live-website.com\/?page_id=4669"},"modified":"2025-12-24T04:16:57","modified_gmt":"2025-12-24T04:16:57","slug":"strategieberatung","status":"publish","type":"page","link":"https:\/\/converge-it.de\/de_de\/strategieberatung\/","title":{"rendered":"Operatives IT-Model"},"content":{"rendered":"\t\t<div data-elementor-type=\"wp-page\" data-elementor-id=\"4669\" class=\"elementor elementor-4669\" data-elementor-post-type=\"page\">\n\t\t\t\t<div class=\"elementor-element elementor-element-ddf7da6 elementor-hidden-mobile e-flex e-con-boxed e-con e-parent\" data-id=\"ddf7da6\" data-element_type=\"container\" data-settings=\"{&quot;background_background&quot;:&quot;classic&quot;}\">\n\t\t\t\t\t<div class=\"e-con-inner\">\n\t\t\t\t<div class=\"elementor-element elementor-element-17277a4 elementor-widget elementor-widget-heading\" data-id=\"17277a4\" data-element_type=\"widget\" data-widget_type=\"heading.default\">\n\t\t\t\t<div class=\"elementor-widget-container\">\n\t\t\t\t\t<h1 class=\"elementor-heading-title elementor-size-default\">Operatives IT-Modell<\/h1>\t\t\t\t<\/div>\n\t\t\t\t<\/div>\n\t\t\t\t\t<\/div>\n\t\t\t\t<\/div>\n\t\t<div class=\"elementor-element elementor-element-3b43df0 elementor-hidden-desktop elementor-hidden-tablet e-flex e-con-boxed e-con e-parent\" data-id=\"3b43df0\" data-element_type=\"container\" data-settings=\"{&quot;background_background&quot;:&quot;classic&quot;}\">\n\t\t\t\t\t<div class=\"e-con-inner\">\n\t\t\t\t<div class=\"elementor-element elementor-element-3b2f489 elementor-widget elementor-widget-heading\" data-id=\"3b2f489\" data-element_type=\"widget\" data-widget_type=\"heading.default\">\n\t\t\t\t<div class=\"elementor-widget-container\">\n\t\t\t\t\t<h1 class=\"elementor-heading-title elementor-size-default\">Operatives IT-Modell<\/h1>\t\t\t\t<\/div>\n\t\t\t\t<\/div>\n\t\t\t\t\t<\/div>\n\t\t\t\t<\/div>\n\t\t<div class=\"elementor-element elementor-element-dde5b23 elementor-hidden-tablet elementor-hidden-mobile e-flex e-con-boxed elementor-invisible e-con e-parent\" data-id=\"dde5b23\" data-element_type=\"container\" data-settings=\"{&quot;background_background&quot;:&quot;classic&quot;,&quot;animation&quot;:&quot;slideInUp&quot;}\">\n\t\t\t\t\t<div class=\"e-con-inner\">\n\t\t<div class=\"elementor-element elementor-element-2984518 e-grid e-con-full e-con e-child\" data-id=\"2984518\" data-element_type=\"container\">\n\t\t\t\t<div class=\"elementor-element elementor-element-96593e2 elementor-widget elementor-widget-image\" data-id=\"96593e2\" data-element_type=\"widget\" data-widget_type=\"image.default\">\n\t\t\t\t<div class=\"elementor-widget-container\">\n\t\t\t\t\t\t\t\t\t\t\t\t\t\t\t<img alt=\"\" fetchpriority=\"high\" decoding=\"async\" width=\"720\" height=\"551\" src=\"https:\/\/converge-it.de\/wp-content\/uploads\/2024\/11\/ITGovernance-1.jpg\" class=\"attachment-large size-large wp-image-2318\" alt=\"\" srcset=\"https:\/\/converge-it.de\/wp-content\/uploads\/2024\/11\/ITGovernance-1.jpg 941w, https:\/\/converge-it.de\/wp-content\/uploads\/2024\/11\/ITGovernance-1-300x230.jpg 300w, https:\/\/converge-it.de\/wp-content\/uploads\/2024\/11\/ITGovernance-1-768x588.jpg 768w\" sizes=\"(max-width: 720px) 100vw, 720px\" \/>\t\t\t\t\t\t\t\t\t\t\t\t\t\t\t<\/div>\n\t\t\t\t<\/div>\n\t\t\t\t<div class=\"elementor-element elementor-element-7ac17f8 elementor-widget elementor-widget-text-editor\" data-id=\"7ac17f8\" data-element_type=\"widget\" data-widget_type=\"text-editor.default\">\n\t\t\t\t<div class=\"elementor-widget-container\">\n\t\t\t\t\t\t\t\t\t<p>Das operative IT-Modell leitet sich von der Unternehmensstrategie ab\u00a0 Es beruht auf den S\u00e4ulen <strong>Strategic Alignment, Performance Management, Operational Efficiency<\/strong> und <strong>Risk Management<\/strong>. Flankiert wird diese Beratung durch die g\u00e4ngigen Frameworks wie <strong>Cobit<\/strong> und<strong> ITIL<\/strong><\/p><p>Das operative (IT) Modell ist ma\u00dfgeblich durch die <strong>IT-Governance<\/strong> und <strong>IT-Compliance<\/strong> bestimmt.<\/p><p>IT-Governance und Compliance sind eng miteinander verbunden und tragen jeweils dazu bei, dass ein Unternehmen leistungsf\u00e4hig und integer ist.<\/p><p>Wo IT-Governance gesch\u00e4ftliche Ziele unterst\u00fctzt und Risiken minimiert, bezieht sich Compliance darauf, gesetzliche Vorschriften, Branchenstandards und interne Richtlinien einzuhalten.<\/p>\t\t\t\t\t\t\t\t<\/div>\n\t\t\t\t<\/div>\n\t\t\t\t<\/div>\n\t\t\t\t\t<\/div>\n\t\t\t\t<\/div>\n\t\t<div class=\"elementor-element elementor-element-ada3d94 elementor-hidden-desktop e-flex e-con-boxed elementor-invisible e-con e-parent\" data-id=\"ada3d94\" data-element_type=\"container\" data-settings=\"{&quot;background_background&quot;:&quot;classic&quot;,&quot;animation&quot;:&quot;slideInUp&quot;}\">\n\t\t\t\t\t<div class=\"e-con-inner\">\n\t\t<div class=\"elementor-element elementor-element-04b3f19 e-grid e-con-full e-con e-child\" data-id=\"04b3f19\" data-element_type=\"container\">\n\t\t\t\t<div class=\"elementor-element elementor-element-1796dd7 elementor-widget elementor-widget-image\" data-id=\"1796dd7\" data-element_type=\"widget\" data-widget_type=\"image.default\">\n\t\t\t\t<div class=\"elementor-widget-container\">\n\t\t\t\t\t\t\t\t\t\t\t\t\t\t\t<img alt=\"\" fetchpriority=\"high\" decoding=\"async\" width=\"720\" height=\"551\" src=\"https:\/\/converge-it.de\/wp-content\/uploads\/2024\/11\/ITGovernance-1.jpg\" class=\"attachment-large size-large wp-image-2318\" alt=\"\" srcset=\"https:\/\/converge-it.de\/wp-content\/uploads\/2024\/11\/ITGovernance-1.jpg 941w, https:\/\/converge-it.de\/wp-content\/uploads\/2024\/11\/ITGovernance-1-300x230.jpg 300w, https:\/\/converge-it.de\/wp-content\/uploads\/2024\/11\/ITGovernance-1-768x588.jpg 768w\" sizes=\"(max-width: 720px) 100vw, 720px\" \/>\t\t\t\t\t\t\t\t\t\t\t\t\t\t\t<\/div>\n\t\t\t\t<\/div>\n\t\t\t\t<div class=\"elementor-element elementor-element-55d75c8 elementor-widget elementor-widget-text-editor\" data-id=\"55d75c8\" data-element_type=\"widget\" data-widget_type=\"text-editor.default\">\n\t\t\t\t<div class=\"elementor-widget-container\">\n\t\t\t\t\t\t\t\t\t<p style=\"text-align: center;\">Das operative IT-Modell leitet sich von der Unternehmensstrategie ab\u00a0 Es beruht auf den S\u00e4ulen <strong>Strategic Alignment, Performance Management, Operational Efficiency<\/strong> und <strong>Risk Management<\/strong>. Flankiert wird diese Beratung durch die g\u00e4ngigen Frameworks wie <strong>Cobit<\/strong> und<strong> ITIL<\/strong><\/p><p style=\"text-align: center;\">Das operative (IT) Modell ist ma\u00dfgeblich durch die <strong>IT-Governance<\/strong> und <strong>IT-Compliance<\/strong> bestimmt.<\/p><p style=\"text-align: center;\">IT-Governance und Compliance sind eng miteinander verbunden und tragen jeweils dazu bei, dass ein Unternehmen leistungsf\u00e4hig und integer ist.<\/p><p style=\"text-align: center;\">Wo IT-Governance gesch\u00e4ftliche Ziele unterst\u00fctzt und Risiken minimiert, bezieht sich Compliance darauf, gesetzliche Vorschriften, Branchenstandards und interne Richtlinien einzuhalten.<\/p>\t\t\t\t\t\t\t\t<\/div>\n\t\t\t\t<\/div>\n\t\t\t\t<\/div>\n\t\t\t\t\t<\/div>\n\t\t\t\t<\/div>\n\t\t<div class=\"elementor-element elementor-element-031bd79 e-grid elementor-hidden-mobile e-con-boxed e-con e-parent\" data-id=\"031bd79\" data-element_type=\"container\" data-settings=\"{&quot;background_background&quot;:&quot;classic&quot;}\">\n\t\t\t\t\t<div class=\"e-con-inner\">\n\t\t\t\t<div class=\"elementor-element elementor-element-cce4909 elementor-widget elementor-widget-text-editor\" data-id=\"cce4909\" data-element_type=\"widget\" data-widget_type=\"text-editor.default\">\n\t\t\t\t<div class=\"elementor-widget-container\">\n\t\t\t\t\t\t\t\t\t<h2 class=\"elementor-heading-title elementor-size-default elementor-inline-editing pen\" style=\"text-align: center;\" contenteditable=\"true\" data-elementor-setting-key=\"title\" data-pen-placeholder=\"Eingabe hier...\"><strong><span style=\"color: #000000;\">Strategic Alignment<\/span><\/strong><\/h2><p>IT Governance \u2013 was ist das? Es gibt da keine eindeutige Definition.<br \/>Wir nennen es das \u201eManagement vom (IT) Management\u201c.<br \/>Es geht um die Verantwortung der obersten Gesch\u00e4ftsf\u00fchrungsebene f\u00fcr einen reibungslos funktionierende und die Gesch\u00e4ftsmodelle unterst\u00fctzende IT Umgebung. <br \/>COBIT 2019 erm\u00f6glicht eine ganzheitliche Governance und ein ganzheitliches Management. Das Framework wurde von der ISACA (Information Systems Audit and Control Association) publiziert. Die ISACA ist ein unabh\u00e4ngiger, globaler Berufsverband f\u00fcr IT-Revisoren, Wirtschaftspr\u00fcfer sowie Experten der Informationssicherheit und IT-Governance.<br \/>COBIT verfolgt in der Analyse einen 3-dimensionalen Ansatz. \u00dcber 4 Dom\u00e4nen werden Prozesse und Aktivit\u00e4ten im Kontext der Ressourcen Anwendungen, Information, Infrastruktur und Personen hinsichtlich 7 KPIs (Effektivit\u00e4t, Effizienz, Vertraulichkeit, Integrit\u00e4t, Compliance und Verl\u00e4sslichkeit) analysiert und gemonitort. Hieraus ergibt sich f\u00fcr die oberste F\u00fchrungsebene eine jederzeit aktuelle Transparenz hinsichtlich des IT-Status im Unternehmen.<br \/>Externe Beratung unterst\u00fctzt im Aufsetzen des COBIT-Framewoks, der strukturierten Erfassung und Dokumentation der einzelnen Themenfelder und Schaffung der Transparenz hinsichtlich der IT-Governance.<\/p>\t\t\t\t\t\t\t\t<\/div>\n\t\t\t\t<\/div>\n\t\t\t\t<div class=\"elementor-element elementor-element-ba12883 elementor-widget elementor-widget-text-editor\" data-id=\"ba12883\" data-element_type=\"widget\" data-widget_type=\"text-editor.default\">\n\t\t\t\t<div class=\"elementor-widget-container\">\n\t\t\t\t\t\t\t\t\t<h2 class=\"elementor-heading-title elementor-size-default elementor-inline-editing pen\" style=\"text-align: center;\" contenteditable=\"true\" data-elementor-setting-key=\"title\" data-pen-placeholder=\"Eingabe hier...\"><strong>Performance Management\u200b<\/strong><\/h2><p>F\u00fcr operative Effizienz dienen vor allem die Themenfelder<strong> IT-Controlling<\/strong> und<strong> IT-Sourcing<\/strong>.<\/p><p><strong>IT-Controlling<\/strong> liefert notwendige Management-Information f\u00fcr die Entscheidungsfindung auf Basis von Daten aus dem eigenen IT-Betrieb \u2013 oft in Bezug auf markt\u00fcbliche Standardwerte.<\/p><p><strong>IT Sourcing<\/strong> ist die Beschaffungsstrategie von Prozessen und Funktionen als ein Aspekt eines IT Betriebsmodells\u201c. Im weiteren Sinne ist zu unterscheiden zwischen dem Verbleib von Prozessen und Funktionen im Unternehmen,<br \/>dem Insourcing (Wiedereinlagerung)<br \/>und dem Outsourcing (Auslagerung) von Prozessen und Funktionen.<br \/>Externe Beratung unterst\u00fctzt bei der Transformation von KPI- und Messdaten hin zu \u201aInformation\u2018, die f\u00fcr die oberste F\u00fchrungsebene als wesentliche Entscheidungsgrundlage dient.<\/p><p>Dar\u00fcber hinaus stellt es die Kriterien bereit, die bei der Entscheidungsfindung des \u201eIT-Sourcing\u201c als Betrachtungsgrundlage ma\u00dfgebliche Bedeutung haben.<\/p>\t\t\t\t\t\t\t\t<\/div>\n\t\t\t\t<\/div>\n\t\t\t\t<div class=\"elementor-element elementor-element-a2d34fd elementor-widget elementor-widget-text-editor\" data-id=\"a2d34fd\" data-element_type=\"widget\" data-widget_type=\"text-editor.default\">\n\t\t\t\t<div class=\"elementor-widget-container\">\n\t\t\t\t\t\t\t\t\t<h2 class=\"elementor-heading-title elementor-size-default elementor-inline-editing pen\" style=\"text-align: center;\" contenteditable=\"true\" data-elementor-setting-key=\"title\" data-pen-placeholder=\"Eingabe hier...\"><strong>Operational Efficiency\u200b<\/strong><\/h2><p><strong>ITIL<\/strong> befasst sich mit allen M\u00f6glichkeiten der Wertsch\u00f6pfung zwischen Service Provider<br \/>(IT) und Service Consumer (Benutzer).<\/p><p>Das Framework besch\u00e4ftigt sich mit Zielen f\u00fcr die stetige Verbesserung von Services mit und definiert Aktivit\u00e4ten zur Verbesserung der Service Qualit\u00e4t sowie mit\u00a0<br \/>Prozessen mit klaren Zielen und Messgr\u00f6\u00dfen.<\/p><p>Es gilt der ITIL Grundsatz: Kann man es nicht<br \/>messen, kann man es nicht kontrollieren.<\/p><p>Im Rahmen der Strategiefindung werden initial und in regelm\u00e4\u00dfigen Zyklen IT-Services definiert, entwickelt und in das Service-Portfolio aufgenommen. Darauf basierend werden ITIL Artefakte wie z.B. das Incident-, Service oder Change Management definiert und in IT-Prozesse \u00fcberf\u00fchrt<\/p>\t\t\t\t\t\t\t\t<\/div>\n\t\t\t\t<\/div>\n\t\t\t\t<div class=\"elementor-element elementor-element-f8de892 elementor-widget elementor-widget-text-editor\" data-id=\"f8de892\" data-element_type=\"widget\" data-widget_type=\"text-editor.default\">\n\t\t\t\t<div class=\"elementor-widget-container\">\n\t\t\t\t\t\t\t\t\t<h2 class=\"elementor-heading-title elementor-size-default elementor-inline-editing pen\" style=\"text-align: center;\" contenteditable=\"true\" data-elementor-setting-key=\"title\" data-pen-placeholder=\"Eingabe hier...\"><strong>\u00a0 \u00a0 \u00a0 \u00a0Risk\u00a0 \u00a0 \u00a0 \u00a0 \u00a0 Management\u200b<\/strong><\/h2><p>Das IT-Risikomanagement ist der Prozess der Analyse einer Bedrohung f\u00fcr die IT-Infrastruktur eines Unternehmens, bei dem bewertet wird, welches Risiko ein Unternehmen bereit ist zu akzeptieren. Das Ziel des IT-Risikomanagements besteht darin, die IT-Systeme und die Daten des Unternehmens vor m\u00f6glichen Sch\u00e4den und Bedrohungen zu sch\u00fctzen und somit die Integrit\u00e4t, Vertraulichkeit und Verf\u00fcgbarkeit der IT-Infrastruktur und der Daten des Unternehmens zu gew\u00e4hrleisten.<\/p><p>Hier nutzt man das <strong>BCM \u2013 Business Continuity Management<\/strong> Framework- um alle Ma\u00dfnahmen, die hinsichtlich der IT-Sicherheit und des Datenschutzes in einem Unternehmen pr\u00e4ventiv zu treffen sind. Business Continuity umfasst die F\u00e4higkeit der Aufrechterhaltung des Gesch\u00e4ftsbetriebs in einer Organisation auch unter Notfallbedingungen.<br \/>Business Continuity Management (BCM) beinhaltet die Entwickelung von Strategien, konkreten Handlungen und Pl\u00e4nen, sowie einer Organisationsstruktur zur Notfallbew\u00e4ltigung. Es sch\u00fctzt Organisationen vor Betriebsst\u00f6rungen und zeigt alternative Abl\u00e4ufe unter<br \/>Notfallbedingungen.<\/p>\t\t\t\t\t\t\t\t<\/div>\n\t\t\t\t<\/div>\n\t\t\t\t\t<\/div>\n\t\t\t\t<\/div>\n\t\t<div class=\"elementor-element elementor-element-01a7263 e-grid elementor-hidden-desktop elementor-hidden-tablet e-con-boxed e-con e-parent\" data-id=\"01a7263\" data-element_type=\"container\" data-settings=\"{&quot;background_background&quot;:&quot;classic&quot;}\">\n\t\t\t\t\t<div class=\"e-con-inner\">\n\t\t\t\t<div class=\"elementor-element elementor-element-35dc70e elementor-widget elementor-widget-text-editor\" data-id=\"35dc70e\" data-element_type=\"widget\" data-widget_type=\"text-editor.default\">\n\t\t\t\t<div class=\"elementor-widget-container\">\n\t\t\t\t\t\t\t\t\t<h2 class=\"elementor-heading-title elementor-size-default elementor-inline-editing pen\" style=\"text-align: center;\" contenteditable=\"true\" data-elementor-setting-key=\"title\" data-pen-placeholder=\"Eingabe hier...\"><strong><span style=\"color: #000000;\">Strategic Alignment<\/span><\/strong><\/h2><p style=\"text-align: center;\">IT Governance \u2013 was ist das? Es gibt da keine eindeutige Definition.<br \/>Wir nennen es das \u201eManagement vom (IT) Management\u201c.<br \/>Es geht um die Verantwortung der obersten Gesch\u00e4ftsf\u00fchrungsebene f\u00fcr einen reibungslos funktionierende und die Gesch\u00e4ftsmodelle unterst\u00fctzende IT Umgebung. <br \/>COBIT 2019 erm\u00f6glicht eine ganzheitliche Governance und ein ganzheitliches Management. Das Framework wurde von der ISACA (Information Systems Audit and Control Association) publiziert. Die ISACA ist ein unabh\u00e4ngiger, globaler Berufsverband f\u00fcr IT-Revisoren, Wirtschaftspr\u00fcfer sowie Experten der Informationssicherheit und IT-Governance.<br \/>COBIT verfolgt in der Analyse einen 3-dimensionalen Ansatz. \u00dcber 4 Dom\u00e4nen werden Prozesse und Aktivit\u00e4ten im Kontext der Ressourcen Anwendungen, Information, Infrastruktur und Personen hinsichtlich 7 KPIs (Effektivit\u00e4t, Effizienz, Vertraulichkeit, Integrit\u00e4t, Compliance und Verl\u00e4sslichkeit) analysiert und gemonitort. Hieraus ergibt sich f\u00fcr die oberste F\u00fchrungsebene eine jederzeit aktuelle Transparenz hinsichtlich des IT-Status im Unternehmen.<br \/>Externe Beratung unterst\u00fctzt im Aufsetzen des COBIT-Framewoks, der strukturierten Erfassung und Dokumentation der einzelnen Themenfelder und Schaffung der Transparenz hinsichtlich der IT-Governance.<\/p>\t\t\t\t\t\t\t\t<\/div>\n\t\t\t\t<\/div>\n\t\t\t\t<div class=\"elementor-element elementor-element-9acc095 elementor-widget elementor-widget-text-editor\" data-id=\"9acc095\" data-element_type=\"widget\" data-widget_type=\"text-editor.default\">\n\t\t\t\t<div class=\"elementor-widget-container\">\n\t\t\t\t\t\t\t\t\t<h2 class=\"elementor-heading-title elementor-size-default elementor-inline-editing pen\" style=\"text-align: center;\" contenteditable=\"true\" data-elementor-setting-key=\"title\" data-pen-placeholder=\"Eingabe hier...\"><strong>Performance Management\u200b<\/strong><\/h2><p style=\"text-align: center;\">F\u00fcr operative Effizienz dienen vor allem die Themenfelder<strong> IT-Controlling<\/strong> und<strong> IT-Sourcing<\/strong>.<\/p><p style=\"text-align: center;\"><strong>IT-Controlling<\/strong> liefert notwendige Management-Information f\u00fcr die Entscheidungsfindung auf Basis von Daten aus dem eigenen IT-Betrieb \u2013 oft in Bezug auf markt\u00fcbliche Standardwerte.<\/p><p style=\"text-align: center;\"><strong>IT Sourcing<\/strong> ist die Beschaffungsstrategie von Prozessen und Funktionen als ein Aspekt eines IT Betriebsmodells\u201c. Im weiteren Sinne ist zu unterscheiden zwischen dem Verbleib von Prozessen und Funktionen im Unternehmen,<br \/>dem Insourcing (Wiedereinlagerung)<br \/>und dem Outsourcing (Auslagerung) von Prozessen und Funktionen.<br \/>Externe Beratung unterst\u00fctzt bei der Transformation von KPI- und Messdaten hin zu \u201aInformation\u2018, die f\u00fcr die oberste F\u00fchrungsebene als wesentliche Entscheidungsgrundlage dient.<\/p><p style=\"text-align: center;\">Dar\u00fcber hinaus stellt es die Kriterien bereit, die bei der Entscheidungsfindung des \u201eIT-Sourcing\u201c als Betrachtungsgrundlage ma\u00dfgebliche Bedeutung haben.<\/p>\t\t\t\t\t\t\t\t<\/div>\n\t\t\t\t<\/div>\n\t\t\t\t<div class=\"elementor-element elementor-element-fc274aa elementor-widget elementor-widget-text-editor\" data-id=\"fc274aa\" data-element_type=\"widget\" data-widget_type=\"text-editor.default\">\n\t\t\t\t<div class=\"elementor-widget-container\">\n\t\t\t\t\t\t\t\t\t<h2 class=\"elementor-heading-title elementor-size-default elementor-inline-editing pen\" style=\"text-align: center;\" contenteditable=\"true\" data-elementor-setting-key=\"title\" data-pen-placeholder=\"Eingabe hier...\"><strong>Operational Efficiency\u200b<\/strong><\/h2><p style=\"text-align: center;\"><strong>ITIL<\/strong> befasst sich mit allen M\u00f6glichkeiten der Wertsch\u00f6pfung zwischen Service Provider<br \/>(IT) und Service Consumer (Benutzer).<\/p><p style=\"text-align: center;\">Das Framework besch\u00e4ftigt sich mit Zielen f\u00fcr die stetige Verbesserung von Services mit und definiert Aktivit\u00e4ten zur Verbesserung der Service Qualit\u00e4t sowie mit\u00a0<br \/>Prozessen mit klaren Zielen und Messgr\u00f6\u00dfen.<\/p><p style=\"text-align: center;\">Es gilt der ITIL Grundsatz: Kann man es nicht<br \/>messen, kann man es nicht kontrollieren.<\/p><p style=\"text-align: center;\">Im Rahmen der Strategiefindung werden initial und in regelm\u00e4\u00dfigen Zyklen IT-Services definiert, entwickelt und in das Service-Portfolio aufgenommen. Darauf basierend werden ITIL Artefakte wie z.B. das Incident-, Service oder Change Management definiert und in IT-Prozesse \u00fcberf\u00fchrt<\/p>\t\t\t\t\t\t\t\t<\/div>\n\t\t\t\t<\/div>\n\t\t\t\t<div class=\"elementor-element elementor-element-2044948 elementor-widget elementor-widget-text-editor\" data-id=\"2044948\" data-element_type=\"widget\" data-widget_type=\"text-editor.default\">\n\t\t\t\t<div class=\"elementor-widget-container\">\n\t\t\t\t\t\t\t\t\t<h2 class=\"elementor-heading-title elementor-size-default elementor-inline-editing pen\" style=\"text-align: center;\" contenteditable=\"true\" data-elementor-setting-key=\"title\" data-pen-placeholder=\"Eingabe hier...\"><strong>\u00a0 \u00a0 \u00a0 \u00a0Risk\u00a0 \u00a0 \u00a0 \u00a0 \u00a0 Management\u200b<\/strong><\/h2><p style=\"text-align: center;\">Das IT-Risikomanagement ist der Prozess der Analyse einer Bedrohung f\u00fcr die IT-Infrastruktur eines Unternehmens, bei dem bewertet wird, welches Risiko ein Unternehmen bereit ist zu akzeptieren. Das Ziel des IT-Risikomanagements besteht darin, die IT-Systeme und die Daten des Unternehmens vor m\u00f6glichen Sch\u00e4den und Bedrohungen zu sch\u00fctzen und somit die Integrit\u00e4t, Vertraulichkeit und Verf\u00fcgbarkeit der IT-Infrastruktur und der Daten des Unternehmens zu gew\u00e4hrleisten.<\/p><p style=\"text-align: center;\">Hier nutzt man das <strong>BCM \u2013 Business Continuity Management<\/strong> Framework- um alle Ma\u00dfnahmen, die hinsichtlich der IT-Sicherheit und des Datenschutzes in einem Unternehmen pr\u00e4ventiv zu treffen sind. Business Continuity umfasst die F\u00e4higkeit der Aufrechterhaltung des Gesch\u00e4ftsbetriebs in einer Organisation auch unter Notfallbedingungen.<br \/>Business Continuity Management (BCM) beinhaltet die Entwickelung von Strategien, konkreten Handlungen und Pl\u00e4nen, sowie einer Organisationsstruktur zur Notfallbew\u00e4ltigung. Es sch\u00fctzt Organisationen vor Betriebsst\u00f6rungen und zeigt alternative Abl\u00e4ufe unter<br \/>Notfallbedingungen.<\/p>\t\t\t\t\t\t\t\t<\/div>\n\t\t\t\t<\/div>\n\t\t\t\t\t<\/div>\n\t\t\t\t<\/div>\n\t\t\t\t<\/div>\n\t\t","protected":false},"excerpt":{"rendered":"<p>Operatives IT-Modell Operatives IT-Modell Das operative IT-Modell leitet sich von der Unternehmensstrategie ab\u00a0 Es beruht auf den S\u00e4ulen Strategic Alignment, [&hellip;]<\/p>\n","protected":false},"author":1,"featured_media":0,"parent":0,"menu_order":0,"comment_status":"closed","ping_status":"closed","template":"","meta":{"_seopress_robots_primary_cat":"","_seopress_titles_title":"","_seopress_titles_desc":"","_seopress_robots_index":"","footnotes":""},"class_list":["post-4669","page","type-page","status-publish","hentry","post"],"_links":{"self":[{"href":"https:\/\/converge-it.de\/de_de\/wp-json\/wp\/v2\/pages\/4669","targetHints":{"allow":["GET"]}}],"collection":[{"href":"https:\/\/converge-it.de\/de_de\/wp-json\/wp\/v2\/pages"}],"about":[{"href":"https:\/\/converge-it.de\/de_de\/wp-json\/wp\/v2\/types\/page"}],"author":[{"embeddable":true,"href":"https:\/\/converge-it.de\/de_de\/wp-json\/wp\/v2\/users\/1"}],"replies":[{"embeddable":true,"href":"https:\/\/converge-it.de\/de_de\/wp-json\/wp\/v2\/comments?post=4669"}],"version-history":[{"count":146,"href":"https:\/\/converge-it.de\/de_de\/wp-json\/wp\/v2\/pages\/4669\/revisions"}],"predecessor-version":[{"id":5325,"href":"https:\/\/converge-it.de\/de_de\/wp-json\/wp\/v2\/pages\/4669\/revisions\/5325"}],"wp:attachment":[{"href":"https:\/\/converge-it.de\/de_de\/wp-json\/wp\/v2\/media?parent=4669"}],"curies":[{"name":"wp","href":"https:\/\/api.w.org\/{rel}","templated":true}]}}